{"id":1023,"date":"2023-03-20T09:05:33","date_gmt":"2023-03-20T09:05:33","guid":{"rendered":"https:\/\/kunstverein-villingen-schwenningen.de\/wordpress\/?page_id=1023"},"modified":"2023-11-06T14:46:52","modified_gmt":"2023-11-06T14:46:52","slug":"dietlinde-stengelin-2","status":"publish","type":"page","link":"https:\/\/kunstverein-villingen-schwenningen.de\/wordpress\/?page_id=1023","title":{"rendered":"Dietlinde Stengelin 2023"},"content":{"rendered":"\n<p><strong>Von Ort zu Ort<\/strong><br>T\u00f6nendes Rot und Gr\u00fcn<br>5. M\u00e4rz \u2013 15. April 2023<br>Galerie im Kornhaus Leutkirch<\/p>\n\n\n\n<p><a href=\"https:\/\/kunstverein-villingen-schwenningen.de\/wordpress\/wp-content\/uploads\/2023\/03\/Einladung-Stengelin-2023.pdf\" target=\"_blank\" rel=\"noreferrer noopener\">PDF<\/a><\/p>\n\n\n\n<hr class=\"wp-block-separator has-alpha-channel-opacity\"\/>\n\n\n\n<p><strong>Der Goldene Apfel<\/strong><br>Jubil\u00e4umsausstellung<br>50 Jahre Bodenseekreis<\/p>\n\n\n\n<p>23. M\u00e4rz &#8211; 2. Juli 2023<\/p>\n\n\n\n<p>Rotes Haus | Galerie Bodenseekreis<br>Schlossplatz 13<br>88709 Meersburg<br>Tel.: 07532 494129<br>&#103;&#x61;&#108;&#x65;&#114;&#x69;e&#x2e;m&#101;&#x65;&#114;&#x73;&#98;&#x75;r&#x67;&#64;&#98;&#x6f;&#100;&#x65;&#110;&#x73;&#101;&#x65;k&#x72;e&#105;&#x73;&#46;&#x64;&#101;<\/p>\n\n\n\n<p><a href=\"https:\/\/kunstverein-villingen-schwenningen.de\/wordpress\/wp-content\/uploads\/2023\/03\/Flyer_Goldener_Apfel_14.02.2023_web.pdf\" target=\"_blank\" rel=\"noreferrer noopener\">PDF<\/a><\/p>\n","protected":false},"excerpt":{"rendered":"<p>Von Ort zu OrtT\u00f6nendes Rot und Gr\u00fcn5. M\u00e4rz \u2013 15. April 2023Galerie im Kornhaus Leutkirch PDF Der Goldene ApfelJubil\u00e4umsausstellung50 Jahre Bodenseekreis 23. M\u00e4rz &#8211; 2. Juli 2023 Rotes Haus | Galerie BodenseekreisSchlossplatz 1388709 MeersburgTel.: 07532 494129&#x67;&#x61;&#108;e&#x72;&#x69;&#101;&#46;m&#x65;&#x65;&#114;s&#x62;&#x75;&#114;&#103;&#64;&#x62;&#x6f;&#100;e&#x6e;&#x73;&#101;&#101;k&#x72;&#x65;&#105;s&#x2e;&#x64;&#101; PDF<\/p>\n","protected":false},"author":1,"featured_media":0,"parent":0,"menu_order":0,"comment_status":"closed","ping_status":"closed","template":"page-templates\/left-sidebar.php","meta":{"ngg_post_thumbnail":0,"footnotes":""},"class_list":["post-1023","page","type-page","status-publish","hentry"],"_links":{"self":[{"href":"https:\/\/kunstverein-villingen-schwenningen.de\/wordpress\/index.php?rest_route=\/wp\/v2\/pages\/1023","targetHints":{"allow":["GET"]}}],"collection":[{"href":"https:\/\/kunstverein-villingen-schwenningen.de\/wordpress\/index.php?rest_route=\/wp\/v2\/pages"}],"about":[{"href":"https:\/\/kunstverein-villingen-schwenningen.de\/wordpress\/index.php?rest_route=\/wp\/v2\/types\/page"}],"author":[{"embeddable":true,"href":"https:\/\/kunstverein-villingen-schwenningen.de\/wordpress\/index.php?rest_route=\/wp\/v2\/users\/1"}],"replies":[{"embeddable":true,"href":"https:\/\/kunstverein-villingen-schwenningen.de\/wordpress\/index.php?rest_route=%2Fwp%2Fv2%2Fcomments&post=1023"}],"version-history":[{"count":12,"href":"https:\/\/kunstverein-villingen-schwenningen.de\/wordpress\/index.php?rest_route=\/wp\/v2\/pages\/1023\/revisions"}],"predecessor-version":[{"id":1129,"href":"https:\/\/kunstverein-villingen-schwenningen.de\/wordpress\/index.php?rest_route=\/wp\/v2\/pages\/1023\/revisions\/1129"}],"wp:attachment":[{"href":"https:\/\/kunstverein-villingen-schwenningen.de\/wordpress\/index.php?rest_route=%2Fwp%2Fv2%2Fmedia&parent=1023"}],"curies":[{"name":"wp","href":"https:\/\/api.w.org\/{rel}","templated":true}]}}