{"id":1029,"date":"2023-03-20T09:20:11","date_gmt":"2023-03-20T09:20:11","guid":{"rendered":"https:\/\/kunstverein-villingen-schwenningen.de\/wordpress\/?page_id=1029"},"modified":"2023-11-06T14:46:13","modified_gmt":"2023-11-06T14:46:13","slug":"willi-dorn","status":"publish","type":"page","link":"https:\/\/kunstverein-villingen-schwenningen.de\/wordpress\/?page_id=1029","title":{"rendered":"Willi Dorn 2023"},"content":{"rendered":"\n<p class=\"has-small-font-size\">50 Jahre<br>Verein f\u00fcr Heimatgeschichte e.V.<br>St. Georgen<\/p>\n\n\n\n<p class=\"has-small-font-size\"><strong>Willi Dorn<\/strong><br>Bildwerke Holzdrucke<\/p>\n\n\n\n<p><img loading=\"lazy\" decoding=\"async\" width=\"150\" height=\"379\" class=\"wp-image-1006\" style=\"width: 150px;\" src=\"https:\/\/kunstverein-villingen-schwenningen.de\/wordpress\/wp-content\/uploads\/2023\/03\/Dorn.jpg\" alt=\"\" srcset=\"https:\/\/kunstverein-villingen-schwenningen.de\/wordpress\/wp-content\/uploads\/2023\/03\/Dorn.jpg 294w, https:\/\/kunstverein-villingen-schwenningen.de\/wordpress\/wp-content\/uploads\/2023\/03\/Dorn-119x300.jpg 119w\" sizes=\"auto, (max-width: 150px) 100vw, 150px\" \/><\/p>\n\n\n\n<p class=\"has-small-font-size\">Willi Dorn war lange k\u00fcnstlerisches Mitglied des KVS.<\/p>\n\n\n\n<p class=\"has-small-font-size\"><\/p>\n\n\n\n<p class=\"has-small-font-size\">\u00d6ffnungszeiten<br>2. &#8211; 16. April 15.00 &#8211; 18.00 Uhr<br>Sa, So und Feiertage auch 10.30 &#8211; 12.30 Uhr<br><\/p>\n\n\n\n<p class=\"has-small-font-size\">Friedrichstra\u00dfe 19 <br>St. Georgen im Schwarzwald<\/p>\n","protected":false},"excerpt":{"rendered":"<p>50 JahreVerein f\u00fcr Heimatgeschichte e.V.St. Georgen Willi DornBildwerke Holzdrucke Willi Dorn war lange k\u00fcnstlerisches Mitglied des KVS. \u00d6ffnungszeiten2. &#8211; 16. April 15.00 &#8211; 18.00 UhrSa, So und Feiertage auch 10.30 &#8211; 12.30 Uhr Friedrichstra\u00dfe 19 St. Georgen im Schwarzwald<\/p>\n","protected":false},"author":1,"featured_media":0,"parent":0,"menu_order":0,"comment_status":"closed","ping_status":"closed","template":"page-templates\/left-sidebar.php","meta":{"ngg_post_thumbnail":0,"footnotes":""},"class_list":["post-1029","page","type-page","status-publish","hentry"],"_links":{"self":[{"href":"https:\/\/kunstverein-villingen-schwenningen.de\/wordpress\/index.php?rest_route=\/wp\/v2\/pages\/1029","targetHints":{"allow":["GET"]}}],"collection":[{"href":"https:\/\/kunstverein-villingen-schwenningen.de\/wordpress\/index.php?rest_route=\/wp\/v2\/pages"}],"about":[{"href":"https:\/\/kunstverein-villingen-schwenningen.de\/wordpress\/index.php?rest_route=\/wp\/v2\/types\/page"}],"author":[{"embeddable":true,"href":"https:\/\/kunstverein-villingen-schwenningen.de\/wordpress\/index.php?rest_route=\/wp\/v2\/users\/1"}],"replies":[{"embeddable":true,"href":"https:\/\/kunstverein-villingen-schwenningen.de\/wordpress\/index.php?rest_route=%2Fwp%2Fv2%2Fcomments&post=1029"}],"version-history":[{"count":2,"href":"https:\/\/kunstverein-villingen-schwenningen.de\/wordpress\/index.php?rest_route=\/wp\/v2\/pages\/1029\/revisions"}],"predecessor-version":[{"id":1128,"href":"https:\/\/kunstverein-villingen-schwenningen.de\/wordpress\/index.php?rest_route=\/wp\/v2\/pages\/1029\/revisions\/1128"}],"wp:attachment":[{"href":"https:\/\/kunstverein-villingen-schwenningen.de\/wordpress\/index.php?rest_route=%2Fwp%2Fv2%2Fmedia&parent=1029"}],"curies":[{"name":"wp","href":"https:\/\/api.w.org\/{rel}","templated":true}]}}