{"id":1116,"date":"2023-11-06T14:26:18","date_gmt":"2023-11-06T14:26:18","guid":{"rendered":"https:\/\/kunstverein-villingen-schwenningen.de\/wordpress\/?page_id=1116"},"modified":"2023-11-06T14:39:48","modified_gmt":"2023-11-06T14:39:48","slug":"paul-revellio-im-deutschen-uhrenmuseum","status":"publish","type":"page","link":"https:\/\/kunstverein-villingen-schwenningen.de\/wordpress\/?page_id=1116","title":{"rendered":"Paul Revellio im Deutschen Uhrenmuseum"},"content":{"rendered":"\n<figure class=\"wp-block-image size-thumbnail\"><img loading=\"lazy\" decoding=\"async\" width=\"150\" height=\"150\" src=\"https:\/\/kunstverein-villingen-schwenningen.de\/wordpress\/wp-content\/uploads\/2023\/11\/csm_Revellio_Glotzer_blau_340_d1dbdb2be6-150x150.jpg\" alt=\"\" class=\"wp-image-1120\" srcset=\"https:\/\/kunstverein-villingen-schwenningen.de\/wordpress\/wp-content\/uploads\/2023\/11\/csm_Revellio_Glotzer_blau_340_d1dbdb2be6-150x150.jpg 150w, https:\/\/kunstverein-villingen-schwenningen.de\/wordpress\/wp-content\/uploads\/2023\/11\/csm_Revellio_Glotzer_blau_340_d1dbdb2be6.jpg 300w\" sizes=\"auto, (max-width: 150px) 100vw, 150px\" \/><\/figure>\n\n\n\n<p><strong>Glotzer oder L\u00e4ufer?<\/strong><\/p>\n\n\n\n<p><\/p>\n\n\n\n<p>Das ist der Titel einer Ausstellung mit \u00d6lbildern, Aquarellen und Lithographien im Deutschen Uhrenmuseum<\/p>\n\n\n\n<p>Los geht&#8217;s am Freitagabend um 19.00 Uhr. Die einf\u00fchrenden Worte spricht Dr. Felix Muhle.<br>F\u00fcr musikalische Umrahmung, Sekt und H\u00e4ppchen ist gesorgt.<\/p>\n\n\n\n<p>Es gibt ein paar Bezugspunkte von Revellios Bildern zum Uhrenmuseum. Lithographische Techniken spielten in der Schwarzw\u00e4lder Uhrenindustrie eine nicht unwichtige Rolle. Deshalb wurde eine alte Lithopresse in die Ausstellung gestellt, an der  diese Drucktechnik von Paul Revellio vorgef\u00fchrt wird. Seit 2005 gibt es in Furtwangen den &#8222;Black Forest Run&#8220;, einen Zehn-Kilometer-Lauf, bei dem Lithographien an die Sieger \u00fcberreicht werden. Viele dieser Lithographien sind in der Ausstellung zu sehen. Als Motiv zeigen diese Bl\u00e4tter nicht nur &#8222;Glotzer&#8220;, sondern oft auch L\u00e4ufer. Leider kann der Lauf, der von der Hochschule Furtwangen veranstaltet wird, in diesem Jahr bedingt durch einen Cyber-Angriff nicht stattfinden. Dem HFU Black Forest Run ist ein eigener Ausstellungsbereich mit zahlreichen Fotos gewidmet. Auch die Lithographie &#8222;Furtwanger Narren&#8220;, die eigentlich f\u00fcr den Lauf in diesem Jahr geschaffen wurde, ist in der Ausstellung zu sehen.<\/p>\n\n\n\n<p>Ausstellungsdauer bis 6. Januar 2024<br><a href=\"https:\/\/paulrevellio.de\">https:\/\/paulrevellio.de<\/a><\/p>\n\n\n\n<p><a href=\"https:\/\/www.deutsches-uhrenmuseum.de\/museum\/sonderausstellung\/glotzer-oder-laeufer.html\">https:\/\/www.deutsches-uhrenmuseum.de\/museum\/sonderausstellung\/glotzer-oder-laeufer.html<\/a><\/p>\n\n\n\n<p>Direktlink zum Flyer:<br><a href=\"https:\/\/www.deutsches-uhrenmuseum.de\/fileadmin\/user_upload\/Glotzer_oder_Laeufer_-_Flyer_mit_Begleitprogramm.pdf\">https:\/\/www.deutsches-uhrenmuseum.de\/fileadmin\/user_upload\/Glotzer_oder_Laeufer_-_Flyer_mit_Begleitprogramm.pdf<\/a><\/p>\n","protected":false},"excerpt":{"rendered":"<p>Glotzer oder L\u00e4ufer? Das ist der Titel einer Ausstellung mit \u00d6lbildern, Aquarellen und Lithographien im Deutschen Uhrenmuseum Los geht&#8217;s am Freitagabend um 19.00 Uhr. Die einf\u00fchrenden Worte spricht Dr. Felix Muhle.F\u00fcr musikalische Umrahmung, Sekt und H\u00e4ppchen ist gesorgt. Es gibt ein paar Bezugspunkte von Revellios Bildern zum Uhrenmuseum. Lithographische Techniken&hellip;<\/p>\n<p class=\"read-more\"><a href=\"https:\/\/kunstverein-villingen-schwenningen.de\/wordpress\/?page_id=1116\">Read More<\/a><\/p>\n","protected":false},"author":1,"featured_media":0,"parent":0,"menu_order":0,"comment_status":"closed","ping_status":"closed","template":"page-templates\/left-sidebar.php","meta":{"ngg_post_thumbnail":0,"footnotes":""},"class_list":["post-1116","page","type-page","status-publish","hentry"],"_links":{"self":[{"href":"https:\/\/kunstverein-villingen-schwenningen.de\/wordpress\/index.php?rest_route=\/wp\/v2\/pages\/1116","targetHints":{"allow":["GET"]}}],"collection":[{"href":"https:\/\/kunstverein-villingen-schwenningen.de\/wordpress\/index.php?rest_route=\/wp\/v2\/pages"}],"about":[{"href":"https:\/\/kunstverein-villingen-schwenningen.de\/wordpress\/index.php?rest_route=\/wp\/v2\/types\/page"}],"author":[{"embeddable":true,"href":"https:\/\/kunstverein-villingen-schwenningen.de\/wordpress\/index.php?rest_route=\/wp\/v2\/users\/1"}],"replies":[{"embeddable":true,"href":"https:\/\/kunstverein-villingen-schwenningen.de\/wordpress\/index.php?rest_route=%2Fwp%2Fv2%2Fcomments&post=1116"}],"version-history":[{"count":7,"href":"https:\/\/kunstverein-villingen-schwenningen.de\/wordpress\/index.php?rest_route=\/wp\/v2\/pages\/1116\/revisions"}],"predecessor-version":[{"id":1125,"href":"https:\/\/kunstverein-villingen-schwenningen.de\/wordpress\/index.php?rest_route=\/wp\/v2\/pages\/1116\/revisions\/1125"}],"wp:attachment":[{"href":"https:\/\/kunstverein-villingen-schwenningen.de\/wordpress\/index.php?rest_route=%2Fwp%2Fv2%2Fmedia&parent=1116"}],"curies":[{"name":"wp","href":"https:\/\/api.w.org\/{rel}","templated":true}]}}