{"id":12,"date":"2018-09-15T15:13:42","date_gmt":"2018-09-15T15:13:42","guid":{"rendered":"https:\/\/kunstverein-villingen-schwenningen.de\/wordpress\/?page_id=12"},"modified":"2023-09-18T17:00:52","modified_gmt":"2023-09-18T17:00:52","slug":"termine","status":"publish","type":"page","link":"https:\/\/kunstverein-villingen-schwenningen.de\/wordpress\/?page_id=12","title":{"rendered":"Fusionen 2022\/2023"},"content":{"rendered":"\n<p>16. Dezember 2022 bis 29. Januar 2023<\/p>\n\n\n\n<p>Der Kunstverein Villingen-Schwenningen l\u00e4dt Sie und Ihre Freunde herzlich ein zur Er\u00f6ffnung seines<br>Kunstprojekts FUSIONEN aus Anlass des 50j\u00e4hrigen Stadtjubil\u00e4ums Villingen-Schwenningen<br>in der St\u00e4dtischen Galerie Villingen-Schwenningen, Friedrich-Ebert-Stra\u00dfe 35.<\/p>\n\n\n\n<figure class=\"wp-block-image size-large is-resized\"><img loading=\"lazy\" decoding=\"async\" src=\"https:\/\/kunstverein-villingen-schwenningen.de\/wordpress\/wp-content\/uploads\/2022\/11\/Plakat27.10.22-KVVS-724x1024.jpg\" alt=\"\" class=\"wp-image-974\" width=\"271\" height=\"383\" srcset=\"https:\/\/kunstverein-villingen-schwenningen.de\/wordpress\/wp-content\/uploads\/2022\/11\/Plakat27.10.22-KVVS-724x1024.jpg 724w, https:\/\/kunstverein-villingen-schwenningen.de\/wordpress\/wp-content\/uploads\/2022\/11\/Plakat27.10.22-KVVS-212x300.jpg 212w, https:\/\/kunstverein-villingen-schwenningen.de\/wordpress\/wp-content\/uploads\/2022\/11\/Plakat27.10.22-KVVS-768x1086.jpg 768w, https:\/\/kunstverein-villingen-schwenningen.de\/wordpress\/wp-content\/uploads\/2022\/11\/Plakat27.10.22-KVVS-1086x1536.jpg 1086w, https:\/\/kunstverein-villingen-schwenningen.de\/wordpress\/wp-content\/uploads\/2022\/11\/Plakat27.10.22-KVVS-1140x1612.jpg 1140w, https:\/\/kunstverein-villingen-schwenningen.de\/wordpress\/wp-content\/uploads\/2022\/11\/Plakat27.10.22-KVVS.jpg 1169w\" sizes=\"auto, (max-width: 271px) 100vw, 271px\" \/><\/figure>\n\n\n\n<p><br>Vernissage<br>am Donnerstag, 15. Dezember 2022,<br>um 19 Uhr in der DHBW, Geb\u00e4ude B, Raum Zuse im EG, Friedrich-Ebert-Stra\u00dfe 32<br><\/p>\n\n\n\n<p>Begr\u00fc\u00dfung: Dr. Helmut Kury<br>Einf\u00fchrung: Stefan R\u00f6\u00dfler<\/p>\n\n\n\n<p><br>F\u00fchrungen \/ K\u00fcnstlergespr\u00e4che<br>jeweils sonntags 15 Uhr<br><\/p>\n\n\n\n<p>Open Stage jeweils donnerstags<br>18 &#8211; 20 Uhr<br>Finissage So, 29. Januar 2023, 15 Uhr<br><br>\u00d6ffnungszeiten<br>Di bis So 13 &#8211; 17 Uhr, Do 13 &#8211; 20 Uhr<\/p>\n\n\n\n<p>Die diesj\u00e4hrige Jahresausstellung des Kunstvereins Villingen-Schwenningen, die 69. in Folge, tr\u00e4gt den Titel <strong>FUSIONEN.<\/strong><\/p>\n\n\n\n<p>Mit diesem Kunstprojekt beteiligt sich der Kunstverein, wie schon bei fr\u00fcheren die Stadt betreffenden Anl\u00e4ssen, an den Feierlichkeiten zum 50j\u00e4hrigen Jubil\u00e4um der Stadt Villingen-Schwenningen. Das ist sein Geburtstagsgeschenk an die Stadt.<\/p>\n\n\n\n<p>Die Jahresausstellung des Kunstvereins VS ist erstmalig in Schwenningen zu sehen. Das verdanken wir der gro\u00dfz\u00fcgigen Gastfreundschaft der St\u00e4dtischen Galerie. Unser Dank gilt vor allem ihrem Leiter Stephan R\u00f6\u00dfler. Er hat es damit erm\u00f6glicht, dass der Kunstverein VS die Folge seiner Jahresausstellungen nicht unterbrechen muss.<\/p>\n\n\n\n<p>Axel Heil hat den diesem Anlass entsprechend beziehungsreichen Titel kreiert. K\u00fcnstlerische Mitglieder und Teilnehmer fr\u00fcherer Jahresausstellungen wurden zur Beteiligung eingeladen und haben sich auf dieses vorgeschlagene und bewusst weit gefasste Thema eingelassen. Die 46 eingereichten Bewerbungen haben sich auf den Jubil\u00e4umsanlass direkt bezogen oder haben das Thema frei interpretiert.<\/p>\n\n\n\n<p>Die von einer Jury ausgew\u00e4hlten 29 Arbeiten, Bilder, plastische Arbeiten, Licht-und Klanginstallationen sowie ein tempor\u00e4res work-in-progress sind jetzt von 16. Dezember 2022 bis 29. Januar 2023 in der St\u00e4dtischen Galerie, Friedrich-Ebert-Stra\u00dfe 35, zu den bekannten \u00d6ffnungszeiten zu sehen und zu erleben: Dienstags bis sonntags 13 bis 17 Uhr, donnerstags 13- 20 Uhr.<\/p>\n\n\n\n<p>W\u00e4hrend der Dauer der Ausstellung finden an den Sonntagen jeweils um 15 Uhr K\u00fcnstlergespr\u00e4che statt. An den Donnerstagabenden gibt es musikalische Performances zu den Exponaten.<\/p>\n\n\n\n<p>Die Ausstellung bleibt an Heiligabend, den 2 Weihnachtsfeiertagen und Sylvester geschlossen.<\/p>\n\n\n\n<p>Einladungskarte und Plakat sind gestaltet nach dem Logo des Kunstvereins, das von Emil Kiess entworfen und dem Kunstverein \u00fcberlassen wurde.<\/p>\n\n\n\n<p>Zur Ausstellung erscheint ein Katalog mit Abbildungen der Exponate Statements der Ausstellenden. Preis in der Ausstellung 10 \u20ac, bei Bestellung 15 \u20ac zzgl. Versand.<\/p>\n\n\n\n<p>K\u00fcnstler*Innen<br>Frank Altmann<br>Stefan Armbruster<br>Regina Baierl<br>Gerda Bier<br>Josef Briechle<br>Panka Chirer-Geyer<br>Sandra Eades<br>Hildegard Elma<br>Daniel Erfle<br>Ines Fiegert<br>Angelika Flaig und<br>Matthias Schneider-Hollek<br>Armin G\u00f6ringer<br>Hans-Uwe H\u00e4hn<br>Axel E. Heil<br>Barbara Klinker<br>Nikolaus Mohr<br>Thomas Putze<br>Fritz Rapp<br>Hubert Rieber<br>Zeljko Rusic<br>Uli Schanz<br>Tobias Maximilian Schnell<br>Marja Scholten-Reniers<br>Reinhard Sigle<br>Miriam Vogt<br>Sebastian M. Walter<br>Willi Weiner<br>Elisabeth Zeller<br>Walter Zepf<\/p>\n\n\n\n<p id=\"block-99533d0a-5443-40c3-b689-26f5a41ea481\"> <\/p>\n\n\n\n<p id=\"block-7bd9026e-5c3d-4849-9a9c-edffe457ed06\"><\/p>\n\n\n\n<p id=\"block-65ccc78c-2af2-43cb-bfba-281279b1402c\"><\/p>\n\n\n\n<p id=\"block-8733b5a7-aee8-4d2a-a1a4-0d1a7c7f7845\"><\/p>\n\n\n\n<p id=\"block-409cf1f6-5da3-4b88-b40b-0c298100eed6\"><\/p>\n","protected":false},"excerpt":{"rendered":"<p>16. Dezember 2022 bis 29. Januar 2023 Der Kunstverein Villingen-Schwenningen l\u00e4dt Sie und Ihre Freunde herzlich ein zur Er\u00f6ffnung seinesKunstprojekts FUSIONEN aus Anlass des 50j\u00e4hrigen Stadtjubil\u00e4ums Villingen-Schwenningenin der St\u00e4dtischen Galerie Villingen-Schwenningen, Friedrich-Ebert-Stra\u00dfe 35. Vernissageam Donnerstag, 15. Dezember 2022,um 19 Uhr in der DHBW, Geb\u00e4ude B, Raum Zuse im EG, Friedrich-Ebert-Stra\u00dfe&hellip;<\/p>\n<p class=\"read-more\"><a href=\"https:\/\/kunstverein-villingen-schwenningen.de\/wordpress\/?page_id=12\">Read More<\/a><\/p>\n","protected":false},"author":1,"featured_media":0,"parent":0,"menu_order":0,"comment_status":"closed","ping_status":"closed","template":"page-templates\/left-sidebar.php","meta":{"ngg_post_thumbnail":0,"footnotes":""},"class_list":["post-12","page","type-page","status-publish","hentry"],"_links":{"self":[{"href":"https:\/\/kunstverein-villingen-schwenningen.de\/wordpress\/index.php?rest_route=\/wp\/v2\/pages\/12","targetHints":{"allow":["GET"]}}],"collection":[{"href":"https:\/\/kunstverein-villingen-schwenningen.de\/wordpress\/index.php?rest_route=\/wp\/v2\/pages"}],"about":[{"href":"https:\/\/kunstverein-villingen-schwenningen.de\/wordpress\/index.php?rest_route=\/wp\/v2\/types\/page"}],"author":[{"embeddable":true,"href":"https:\/\/kunstverein-villingen-schwenningen.de\/wordpress\/index.php?rest_route=\/wp\/v2\/users\/1"}],"replies":[{"embeddable":true,"href":"https:\/\/kunstverein-villingen-schwenningen.de\/wordpress\/index.php?rest_route=%2Fwp%2Fv2%2Fcomments&post=12"}],"version-history":[{"count":95,"href":"https:\/\/kunstverein-villingen-schwenningen.de\/wordpress\/index.php?rest_route=\/wp\/v2\/pages\/12\/revisions"}],"predecessor-version":[{"id":1094,"href":"https:\/\/kunstverein-villingen-schwenningen.de\/wordpress\/index.php?rest_route=\/wp\/v2\/pages\/12\/revisions\/1094"}],"wp:attachment":[{"href":"https:\/\/kunstverein-villingen-schwenningen.de\/wordpress\/index.php?rest_route=%2Fwp%2Fv2%2Fmedia&parent=12"}],"curies":[{"name":"wp","href":"https:\/\/api.w.org\/{rel}","templated":true}]}}