{"id":1268,"date":"2024-03-18T14:16:37","date_gmt":"2024-03-18T14:16:37","guid":{"rendered":"https:\/\/kunstverein-villingen-schwenningen.de\/wordpress\/?page_id=1268"},"modified":"2024-10-02T13:47:54","modified_gmt":"2024-10-02T13:47:54","slug":"aktuell-5","status":"publish","type":"page","link":"https:\/\/kunstverein-villingen-schwenningen.de\/wordpress\/?page_id=1268","title":{"rendered":"Jahresausstellung 2024"},"content":{"rendered":"\n<figure class=\"wp-block-image size-full\"><img loading=\"lazy\" decoding=\"async\" width=\"500\" height=\"500\" src=\"https:\/\/kunstverein-villingen-schwenningen.de\/wordpress\/wp-content\/uploads\/2024\/10\/Karte-Bild-kl.jpg\" alt=\"\" class=\"wp-image-1361\" srcset=\"https:\/\/kunstverein-villingen-schwenningen.de\/wordpress\/wp-content\/uploads\/2024\/10\/Karte-Bild-kl.jpg 500w, https:\/\/kunstverein-villingen-schwenningen.de\/wordpress\/wp-content\/uploads\/2024\/10\/Karte-Bild-kl-300x300.jpg 300w, https:\/\/kunstverein-villingen-schwenningen.de\/wordpress\/wp-content\/uploads\/2024\/10\/Karte-Bild-kl-150x150.jpg 150w\" sizes=\"auto, (max-width: 500px) 100vw, 500px\" \/><\/figure>\n\n\n\n<p><br>Der Kunstverein Villingen-Schwenningen l\u00e4dt Sie<br>und Ihre Freunde herzlich ein zur Er\u00f6ffnung seiner 71. Jahresausstellung<br>am Sonntag, 3. November 2024, um 12 Uhr<br>im Franziskanermuseum Stadtbezirk Villingen, Rietgasse 2<\/p>\n\n\n\n<p>Begr\u00fc\u00dfung: Dr. Helmut Kury, 1. Vorsitzender<\/p>\n\n\n\n<p>Kurzf\u00fchrungen am Er\u00f6ffnungstag: 14 und 15 Uhr<\/p>\n\n\n\n<p>K\u00fcnstlergespr\u00e4che<br>So, 10. November, 15 Uhr<br>So, 17. November, 15 Uhr<\/p>\n\n\n\n<p>Finissage<br>So, 24. November, 15 Uhr<\/p>\n\n\n\n<p>\u00d6ffnungszeiten<br>Di bis Sa 13 bis 17 Uhr,<br>So 11 bis 17 Uhr<\/p>\n\n\n\n<p>Unikate der Ausstellenden werden als Jahresgaben angeboten.<br>Mitgliedern wird bei Kauf der Jahresbeitrag angerechnet.<br>Unter allen w\u00e4hrend der Ausstellung abgegebenen Beitrittserkl\u00e4rungen wird ein Unikat ausgelost.<\/p>\n\n\n\n<p>Mitglieder<br>Frank Altmann<br>Regina Baierl<br>Josef B\u00fccheler<br>Matheusz Budasz<br>Sandra Eades<br>Wolfgang Eckert<br>Hildegard Elma<br>Julia Els\u00e4sser-Eckert<br>Ariane Faller<br>Angela Flaig<br>Gotthard Glitsch<br>Helfried Glitsch<br>Hans-Uwe H\u00e4hn<br>Axel E. Heil<br>Lisa Keller-Nikola<br>Wolfgang Kleiser<br>Reinhard Klessinger<br>Nikolaus Mohr<br>Wilhelm Morat<br>Fritz Rapp<br>Paul Revellio<br>Ulli Schanz <kbd>\u2020<\/kbd><br>elfi schmidt<br>Reinhard Sigle<br>Andreas Wiertz<br>Walter Zepf<\/p>\n\n\n\n<p>G\u00e4ste<br>J\u00e1chym Fleig<br>Sabine Krusche<br>Miriam Vogt<br>Sebastian Walter<\/p>\n\n\n\n<hr class=\"wp-block-separator has-alpha-channel-opacity\"\/>\n\n\n\n<p><\/p>\n\n\n\n<p><\/p>\n","protected":false},"excerpt":{"rendered":"<p>Der Kunstverein Villingen-Schwenningen l\u00e4dt Sieund Ihre Freunde herzlich ein zur Er\u00f6ffnung seiner 71. Jahresausstellungam Sonntag, 3. November 2024, um 12 Uhrim Franziskanermuseum Stadtbezirk Villingen, Rietgasse 2 Begr\u00fc\u00dfung: Dr. Helmut Kury, 1. Vorsitzender Kurzf\u00fchrungen am Er\u00f6ffnungstag: 14 und 15 Uhr K\u00fcnstlergespr\u00e4cheSo, 10. November, 15 UhrSo, 17. November, 15 Uhr FinissageSo, 24.&hellip;<\/p>\n<p class=\"read-more\"><a href=\"https:\/\/kunstverein-villingen-schwenningen.de\/wordpress\/?page_id=1268\">Read More<\/a><\/p>\n","protected":false},"author":1,"featured_media":0,"parent":0,"menu_order":0,"comment_status":"closed","ping_status":"closed","template":"page-templates\/left-sidebar.php","meta":{"ngg_post_thumbnail":0,"footnotes":""},"class_list":["post-1268","page","type-page","status-publish","hentry"],"_links":{"self":[{"href":"https:\/\/kunstverein-villingen-schwenningen.de\/wordpress\/index.php?rest_route=\/wp\/v2\/pages\/1268","targetHints":{"allow":["GET"]}}],"collection":[{"href":"https:\/\/kunstverein-villingen-schwenningen.de\/wordpress\/index.php?rest_route=\/wp\/v2\/pages"}],"about":[{"href":"https:\/\/kunstverein-villingen-schwenningen.de\/wordpress\/index.php?rest_route=\/wp\/v2\/types\/page"}],"author":[{"embeddable":true,"href":"https:\/\/kunstverein-villingen-schwenningen.de\/wordpress\/index.php?rest_route=\/wp\/v2\/users\/1"}],"replies":[{"embeddable":true,"href":"https:\/\/kunstverein-villingen-schwenningen.de\/wordpress\/index.php?rest_route=%2Fwp%2Fv2%2Fcomments&post=1268"}],"version-history":[{"count":18,"href":"https:\/\/kunstverein-villingen-schwenningen.de\/wordpress\/index.php?rest_route=\/wp\/v2\/pages\/1268\/revisions"}],"predecessor-version":[{"id":1367,"href":"https:\/\/kunstverein-villingen-schwenningen.de\/wordpress\/index.php?rest_route=\/wp\/v2\/pages\/1268\/revisions\/1367"}],"wp:attachment":[{"href":"https:\/\/kunstverein-villingen-schwenningen.de\/wordpress\/index.php?rest_route=%2Fwp%2Fv2%2Fmedia&parent=1268"}],"curies":[{"name":"wp","href":"https:\/\/api.w.org\/{rel}","templated":true}]}}