{"id":1302,"date":"2024-03-19T14:06:05","date_gmt":"2024-03-19T14:06:05","guid":{"rendered":"https:\/\/kunstverein-villingen-schwenningen.de\/wordpress\/?page_id=1302"},"modified":"2024-03-19T14:23:03","modified_gmt":"2024-03-19T14:23:03","slug":"hungertuch-2024-furtwangen","status":"publish","type":"page","link":"https:\/\/kunstverein-villingen-schwenningen.de\/wordpress\/?page_id=1302","title":{"rendered":"Axel Heil &#8211; Hungertuch St. Cyriak Furtwangen"},"content":{"rendered":"\n<figure data-wp-context=\"{&quot;imageId&quot;:&quot;69ff2187ee2bd&quot;}\" data-wp-interactive=\"core\/image\" class=\"wp-block-image size-medium wp-lightbox-container\"><img loading=\"lazy\" decoding=\"async\" width=\"225\" height=\"300\" data-wp-class--hide=\"state.isContentHidden\" data-wp-class--show=\"state.isContentVisible\" data-wp-init=\"callbacks.setButtonStyles\" data-wp-on-async--click=\"actions.showLightbox\" data-wp-on-async--load=\"callbacks.setButtonStyles\" data-wp-on-async-window--resize=\"callbacks.setButtonStyles\" src=\"https:\/\/kunstverein-villingen-schwenningen.de\/wordpress\/wp-content\/uploads\/2024\/03\/P1040065-kl-225x300.jpg\" alt=\"\" class=\"wp-image-1304\" srcset=\"https:\/\/kunstverein-villingen-schwenningen.de\/wordpress\/wp-content\/uploads\/2024\/03\/P1040065-kl-225x300.jpg 225w, https:\/\/kunstverein-villingen-schwenningen.de\/wordpress\/wp-content\/uploads\/2024\/03\/P1040065-kl-768x1024.jpg 768w, https:\/\/kunstverein-villingen-schwenningen.de\/wordpress\/wp-content\/uploads\/2024\/03\/P1040065-kl.jpg 1000w\" sizes=\"auto, (max-width: 225px) 100vw, 225px\" \/><button\n\t\t\tclass=\"lightbox-trigger\"\n\t\t\ttype=\"button\"\n\t\t\taria-haspopup=\"dialog\"\n\t\t\taria-label=\"Vergr\u00f6\u00dfern\"\n\t\t\tdata-wp-init=\"callbacks.initTriggerButton\"\n\t\t\tdata-wp-on-async--click=\"actions.showLightbox\"\n\t\t\tdata-wp-style--right=\"state.imageButtonRight\"\n\t\t\tdata-wp-style--top=\"state.imageButtonTop\"\n\t\t>\n\t\t\t<svg xmlns=\"http:\/\/www.w3.org\/2000\/svg\" width=\"12\" height=\"12\" fill=\"none\" viewBox=\"0 0 12 12\">\n\t\t\t\t<path fill=\"#fff\" d=\"M2 0a2 2 0 0 0-2 2v2h1.5V2a.5.5 0 0 1 .5-.5h2V0H2Zm2 10.5H2a.5.5 0 0 1-.5-.5V8H0v2a2 2 0 0 0 2 2h2v-1.5ZM8 12v-1.5h2a.5.5 0 0 0 .5-.5V8H12v2a2 2 0 0 1-2 2H8Zm2-12a2 2 0 0 1 2 2v2h-1.5V2a.5.5 0 0 0-.5-.5H8V0h2Z\" \/>\n\t\t\t<\/svg>\n\t\t<\/button><figcaption class=\"wp-element-caption\">\u201eSD\u201c (search and destroy), 2024<br>Grafit, Gouache auf Papier, gewachst<br>450 x 280 cm<\/figcaption><\/figure>\n\n\n\n<p><\/p>\n\n\n\n<p>In der Fastenzeit werden traditionell in Kirchen Kruzifixe verh\u00fcllt als Mahnung, zu den begangenen S\u00fcnden zu stehen und an die Lage in der Welt zu erinnern. Die Darstellungen sind nicht freudig, die Farbe Violett \u00fcberwiegt, die Stimmung ist d\u00fcster. Im Jahr 2024 sind die Spannungen im Land und in der Welt un\u00fcbersehbar. Die Auseinandersetzungen und ihre Folgen verst\u00e4rken sich, Populismus, Terrorismus und Krieg sind nicht sehr weit entfernt&#8230;<br>Unter diesen Eindr\u00fccken entstand <strong>\u201eSD\u201c<\/strong>: In der Mitte die Zielfenster der fliegenden Bomben vor d\u00fcsterem Hintergrund. Links und rechts die Auswirkungen: Ruinen.<\/p>\n\n\n\n<p>Search and destroy \u2013 suchen und zerst\u00f6ren &#8211; stammt aus der amerikanischen Milit\u00e4rsprache. Es handelt sich um einen Befehl an Spezialeinheiten, bestimmte Personen und Orte zu finden und zu vernichten \u2013 wo auch immer in der Welt.<\/p>\n\n\n\n<p>Die Stadtkirche St. Cyriak Furtwangen ist tags\u00fcber ge\u00f6ffnet.<\/p>\n","protected":false},"excerpt":{"rendered":"<p>In der Fastenzeit werden traditionell in Kirchen Kruzifixe verh\u00fcllt als Mahnung, zu den begangenen S\u00fcnden zu stehen und an die Lage in der Welt zu erinnern. Die Darstellungen sind nicht freudig, die Farbe Violett \u00fcberwiegt, die Stimmung ist d\u00fcster. Im Jahr 2024 sind die Spannungen im Land und in der&hellip;<\/p>\n<p class=\"read-more\"><a href=\"https:\/\/kunstverein-villingen-schwenningen.de\/wordpress\/?page_id=1302\">Read More<\/a><\/p>\n","protected":false},"author":1,"featured_media":0,"parent":0,"menu_order":0,"comment_status":"closed","ping_status":"closed","template":"page-templates\/left-sidebar.php","meta":{"ngg_post_thumbnail":0,"footnotes":""},"class_list":["post-1302","page","type-page","status-publish","hentry"],"_links":{"self":[{"href":"https:\/\/kunstverein-villingen-schwenningen.de\/wordpress\/index.php?rest_route=\/wp\/v2\/pages\/1302","targetHints":{"allow":["GET"]}}],"collection":[{"href":"https:\/\/kunstverein-villingen-schwenningen.de\/wordpress\/index.php?rest_route=\/wp\/v2\/pages"}],"about":[{"href":"https:\/\/kunstverein-villingen-schwenningen.de\/wordpress\/index.php?rest_route=\/wp\/v2\/types\/page"}],"author":[{"embeddable":true,"href":"https:\/\/kunstverein-villingen-schwenningen.de\/wordpress\/index.php?rest_route=\/wp\/v2\/users\/1"}],"replies":[{"embeddable":true,"href":"https:\/\/kunstverein-villingen-schwenningen.de\/wordpress\/index.php?rest_route=%2Fwp%2Fv2%2Fcomments&post=1302"}],"version-history":[{"count":11,"href":"https:\/\/kunstverein-villingen-schwenningen.de\/wordpress\/index.php?rest_route=\/wp\/v2\/pages\/1302\/revisions"}],"predecessor-version":[{"id":1321,"href":"https:\/\/kunstverein-villingen-schwenningen.de\/wordpress\/index.php?rest_route=\/wp\/v2\/pages\/1302\/revisions\/1321"}],"wp:attachment":[{"href":"https:\/\/kunstverein-villingen-schwenningen.de\/wordpress\/index.php?rest_route=%2Fwp%2Fv2%2Fmedia&parent=1302"}],"curies":[{"name":"wp","href":"https:\/\/api.w.org\/{rel}","templated":true}]}}