{"id":1328,"date":"2024-06-10T11:51:49","date_gmt":"2024-06-10T11:51:49","guid":{"rendered":"https:\/\/kunstverein-villingen-schwenningen.de\/wordpress\/?page_id=1328"},"modified":"2024-06-10T12:15:56","modified_gmt":"2024-06-10T12:15:56","slug":"remy-trevisan-2","status":"publish","type":"page","link":"https:\/\/kunstverein-villingen-schwenningen.de\/wordpress\/?page_id=1328","title":{"rendered":"R\u00c9MY TREVISAN"},"content":{"rendered":"\n<p>ZUM F\u00dcNFUNDSECHZIGSTEN<br>IM FLUSS DES LEBENS<br>21.4. \u2013 8.9.2024<br>WILLI BAUMEISTER | HAP GRIESHABER | RUDOLF SCHOOFS<\/p>\n\n\n\n<p><br>Die Ausstellungsgemeinschaft \u201eKunst Raum Rottweil\u201c<br>w\u00fcrdigt in Verbindung mit dem Schramberger Kunst-<br>verein Podium Kunst das k\u00fcnstlerische Schaffen des<br>Malers und Zeichners R\u00e9my Trevisan in einer Einzel-<br>ausstellung zu dessen 65. Geburtstag. Pr\u00e4sentiert<br>werden exemplarische Werke des K\u00fcnstlers aus dem<br>Zeitraum 1987\u20132024.<br>R\u00e9my Trevisan, der seit 1987 in Schramberg ans\u00e4ssig<br>ist, z\u00e4hlt zu den namhaften Vertretern der bildenden<br>Kunst in seiner s\u00fcdwestdeutschen Wahlheimat. Seine<br>markante Bildsprache, die Figuration und Abstraktion<br>verbindet, entzieht sich der Einordnung in die g\u00e4ngigen<br>Trends der Gegenwartskunst.<br>In seinen Zeichnungen und Gem\u00e4lden entwirft R\u00e9my<br>Trevisan in gestischer Linienf\u00fchrung organisch anmu-<br>tende, gewebeartige Strukturen: komplexe Geflechte<br>aus Formen und Farben, denen neuerdings fig\u00fcrliche<br>Motive eingeschrieben sind. Mit seinen Bildfindungen<br>antwortet er auf Grundfragen der menschlichen Exis-<br>tenz; in seinem Kunstschaffen spiegelt sich f\u00fcr ihn der<br>Kreislauf des Lebens.<br>In der Ausstellung mit dem symbolhaften (Bild-)Titel<br>\u201eIm Fluss des Lebens\u201c wird die kontinuierliche Fort-<br>entwicklung seiner Bildsprache in \u00fcber drei Jahrzehn-<br>ten nachvollziehbar. Abgerundet wird die Ausstellung<br>durch Referenzwerke seines Lehrers Rudolf Schoofs<br>und zweier K\u00fcnstler, denen der Maler und Zeichner sich<br>besonders verbunden f\u00fchlt: Willi Baumeister und HAP<br>Grieshaber.<br>Mit der Ausstellung \u201eR\u00e9my Trevisan. Im Fluss des<br>Lebens\u201c richtet die Ausstellungsgemeinschaft<br>\u201eKunst Raum Rottweil\u201c den Blick auf den benachbarten<br>Kunstraum Schramberg. In der Mitveranstalterschaft<br>des Schramberger Kunstvereins Podium Kunst kommt<br>die perspektivische Verbundenheit zwischen<br>den beiderseitigen Kunstszenen zum Ausdruck.<\/p>\n\n\n\n<figure class=\"wp-block-image size-large\"><img loading=\"lazy\" decoding=\"async\" width=\"1024\" height=\"609\" src=\"https:\/\/kunstverein-villingen-schwenningen.de\/wordpress\/wp-content\/uploads\/2024\/06\/bild-01-1024x609.jpg\" alt=\"\" class=\"wp-image-1329\" srcset=\"https:\/\/kunstverein-villingen-schwenningen.de\/wordpress\/wp-content\/uploads\/2024\/06\/bild-01-1024x609.jpg 1024w, https:\/\/kunstverein-villingen-schwenningen.de\/wordpress\/wp-content\/uploads\/2024\/06\/bild-01-300x178.jpg 300w, https:\/\/kunstverein-villingen-schwenningen.de\/wordpress\/wp-content\/uploads\/2024\/06\/bild-01-768x457.jpg 768w, https:\/\/kunstverein-villingen-schwenningen.de\/wordpress\/wp-content\/uploads\/2024\/06\/bild-01.jpg 1054w\" sizes=\"auto, (max-width: 1024px) 100vw, 1024px\" \/><figcaption class=\"wp-element-caption\">Im Fluss des Lebens | 2005\/06 | Mischtechnik auf Leinwand | Landkreis Rottweil<\/figcaption><\/figure>\n\n\n\n<p>dominikanermuseumrottweil<br>Kriegsdamm 4 | 78628 Rottweil | telefon (0741) 7662<br><a href=\"http:\/\/dominikanermuseum.de\">dominikanermuseum.de<\/a><br>\u00d6ffnungszeiten: Di- So 10.00 Uhr bis 17.00 Uhr<\/p>\n\n\n\n<p>Fotos: HP Kammerer, Rottweil | Volker Wierzba, Lauterbach<br>\u00a9 VG Bild-Kunst, Bonn 2024<\/p>\n","protected":false},"excerpt":{"rendered":"<p>ZUM F\u00dcNFUNDSECHZIGSTENIM FLUSS DES LEBENS21.4. \u2013 8.9.2024WILLI BAUMEISTER | HAP GRIESHABER | RUDOLF SCHOOFS Die Ausstellungsgemeinschaft \u201eKunst Raum Rottweil\u201cw\u00fcrdigt in Verbindung mit dem Schramberger Kunst-verein Podium Kunst das k\u00fcnstlerische Schaffen desMalers und Zeichners R\u00e9my Trevisan in einer Einzel-ausstellung zu dessen 65. Geburtstag. Pr\u00e4sentiertwerden exemplarische Werke des K\u00fcnstlers aus demZeitraum 1987\u20132024.R\u00e9my&hellip;<\/p>\n<p class=\"read-more\"><a href=\"https:\/\/kunstverein-villingen-schwenningen.de\/wordpress\/?page_id=1328\">Read More<\/a><\/p>\n","protected":false},"author":1,"featured_media":1329,"parent":0,"menu_order":0,"comment_status":"closed","ping_status":"closed","template":"page-templates\/left-sidebar.php","meta":{"ngg_post_thumbnail":0,"footnotes":""},"class_list":["post-1328","page","type-page","status-publish","has-post-thumbnail","hentry"],"_links":{"self":[{"href":"https:\/\/kunstverein-villingen-schwenningen.de\/wordpress\/index.php?rest_route=\/wp\/v2\/pages\/1328","targetHints":{"allow":["GET"]}}],"collection":[{"href":"https:\/\/kunstverein-villingen-schwenningen.de\/wordpress\/index.php?rest_route=\/wp\/v2\/pages"}],"about":[{"href":"https:\/\/kunstverein-villingen-schwenningen.de\/wordpress\/index.php?rest_route=\/wp\/v2\/types\/page"}],"author":[{"embeddable":true,"href":"https:\/\/kunstverein-villingen-schwenningen.de\/wordpress\/index.php?rest_route=\/wp\/v2\/users\/1"}],"replies":[{"embeddable":true,"href":"https:\/\/kunstverein-villingen-schwenningen.de\/wordpress\/index.php?rest_route=%2Fwp%2Fv2%2Fcomments&post=1328"}],"version-history":[{"count":9,"href":"https:\/\/kunstverein-villingen-schwenningen.de\/wordpress\/index.php?rest_route=\/wp\/v2\/pages\/1328\/revisions"}],"predecessor-version":[{"id":1345,"href":"https:\/\/kunstverein-villingen-schwenningen.de\/wordpress\/index.php?rest_route=\/wp\/v2\/pages\/1328\/revisions\/1345"}],"wp:featuredmedia":[{"embeddable":true,"href":"https:\/\/kunstverein-villingen-schwenningen.de\/wordpress\/index.php?rest_route=\/wp\/v2\/media\/1329"}],"wp:attachment":[{"href":"https:\/\/kunstverein-villingen-schwenningen.de\/wordpress\/index.php?rest_route=%2Fwp%2Fv2%2Fmedia&parent=1328"}],"curies":[{"name":"wp","href":"https:\/\/api.w.org\/{rel}","templated":true}]}}