{"id":257,"date":"2018-09-20T07:08:33","date_gmt":"2018-09-20T07:08:33","guid":{"rendered":"https:\/\/kunstverein-villingen-schwenningen.de\/wordpress\/?page_id=257"},"modified":"2018-09-20T07:08:33","modified_gmt":"2018-09-20T07:08:33","slug":"marja-scholten-reniers","status":"publish","type":"page","link":"https:\/\/kunstverein-villingen-schwenningen.de\/wordpress\/?page_id=257","title":{"rendered":"Marja Scholten-Reniers"},"content":{"rendered":"<p>Marja Scholten-Reniers<br \/>\nGeboren, born 1957 in Zevenbergen\/NL<br \/>\nLebt und arbeitet, lives and works in Villingen-Schwenningen<\/p>\n<p>Studium, studie<br \/>\n1976-1981 Fontys Hogescholen, Moller Instituut, Tilburg\/NL, Textilkunst \/ Malerei<br \/>\n1982\u20131984 Grafische School Utrecht\/NL<br \/>\n1982\u20131987 Lehrauftrag, lectureship Moller Instituut, Tilburg\/NL<\/p>\n<p>1996\u20132004 Dozentin, lectureship St\u00e4dtischen Jugendkunstschule Donaueschingen<br \/>\nSeit, since 2000 Dozentin, lectureship, Kunstschule Hohenstein, Rottweil<br \/>\nSeit, since 2002 Dozentin, lectureship Jugendkunstschule Kreisel im Landkreis Rottweil, Rottweil<\/p>\n<p>Mitglied, member im Berufsverband Bildender K\u00fcnstlerinnen und K\u00fcnstler S\u00fcdbaden<br \/>\nMitglied, member Kunstverein Villingen-Schwenningen<\/p>\n<p>Einzelausstellungen, soloexhibitions<br \/>\n2013 Sehnsuchts-Raum, Allgemeiner Konsumverein, Braunschweig<br \/>\n2012 Heimwehtaschent\u00fccher, Franziskanermuseum, Villingen-Schwenningen (K)<br \/>\nHeimat und Uhrenmuseum, Villingen-Schwenningen<br \/>\n2009 Helden, S\u00fcdpol, Niedereschach<br \/>\n2008 Farben der Ehre, Herz-Zentrum Bodensee, Konstanz<br \/>\n2006 Introducing::, T66 Kulturwerk, Freiburg<\/p>\n<p>Ausstellungsbeteiligungen, exhibitions<br \/>\n2015 Jahresausstellung Kunstverein Villingen-Schwenningen<br \/>\n2015 Donaueschinger Regionale 2015, Donaueschingen (K)<br \/>\n2014 Auch Johanneskirche, Evangelische Johanneskirche Villingen-Schwenningen<br \/>\n2014 Chapelle de l&#8217;Esp\u00e9rance, Pontarlier\/Fr<br \/>\n2013 Kunst auf Abwegen, 10. Kunstpreis der Nagolder Freiberufler, Nagold<br \/>\n2013 Inspektion, Kunstverein Villingen-Schwenningen (K)<br \/>\n2012 St. Leopold Friedenspreis, Klosterneuburg, \u00d6sterreich<br \/>\n2011 Wege, Altes Rathaus, Rottweil<br \/>\n2011 Donaueschinger Regionale 2011, Donaueschingen (K)<br \/>\n2011 Trauer und Tod, Alter Wiehrebahnhof, Freiburg<br \/>\n2011 Aufstand! der nichtsnutzigen Textilien-, workshop hannover e.v., Hannover (K)<br \/>\n2010 galerie petite, Villingen-Schwenningen<br \/>\n2009 Hoogtij #17, Lap t\/m, Den Haag\/NL<br \/>\n2008\/&#8217;09\/&#8217;10\/&#8217;11 Jahresausstellung Kunstverein Villingen-Schwenningen<br \/>\n2008 Spielart, Regierungspr\u00e4sidium Karlsruhe (K)<br \/>\n2008 Achtung Kunst, St\u00e4dtisches Museum Engen und Galerie<br \/>\n2006 Werke im Werk, Museumsnacht,Rottweil<br \/>\n2004 Galerie im Turm, Donaueschingen<br \/>\n1981 Textiel 3,Textielmuseum Tilburg\/NL (K)<br \/>\n(K) = Katalog<\/p>\n<p>Nominierung, nomination f\u00fcr den St. Leopold Friedenspreis 2012, Klosterneuburg\/AT<\/p>\n<p>Arbeiten in \u00f6ffentlichen und privaten Sammlungen,works in public and private collections<br \/>\nTextiel Museum, Tilburg\/NL<br \/>\nLandkreis Rottweil, Rottweil<br \/>\nSt\u00e4dtisches Museum Engen und Galerie, Engen<br \/>\nF\u00fcrstliche Sammlung F\u00fcrstin zu F\u00fcrstenberg, Donaueschingen<br \/>\nFranziskanermuseum, Villingen-Schwenningen<\/p>\n<p><em>mehr<\/em><a href=\"http:\/\/www.marjascholtenreniers.com\"><\/a><\/p>\n","protected":false},"excerpt":{"rendered":"<p>Marja Scholten-Reniers Geboren, born 1957 in Zevenbergen\/NL Lebt und arbeitet, lives and works in Villingen-Schwenningen Studium, studie 1976-1981 Fontys Hogescholen, Moller Instituut, Tilburg\/NL, Textilkunst \/ Malerei 1982\u20131984 Grafische School Utrecht\/NL 1982\u20131987 Lehrauftrag, lectureship Moller Instituut, Tilburg\/NL 1996\u20132004 Dozentin, lectureship St\u00e4dtischen Jugendkunstschule Donaueschingen Seit, since 2000 Dozentin, lectureship, Kunstschule Hohenstein, Rottweil&hellip;<\/p>\n<p class=\"read-more\"><a href=\"https:\/\/kunstverein-villingen-schwenningen.de\/wordpress\/?page_id=257\">Read More<\/a><\/p>\n","protected":false},"author":1,"featured_media":0,"parent":0,"menu_order":0,"comment_status":"closed","ping_status":"closed","template":"","meta":{"ngg_post_thumbnail":0,"footnotes":""},"class_list":["post-257","page","type-page","status-publish","hentry"],"_links":{"self":[{"href":"https:\/\/kunstverein-villingen-schwenningen.de\/wordpress\/index.php?rest_route=\/wp\/v2\/pages\/257","targetHints":{"allow":["GET"]}}],"collection":[{"href":"https:\/\/kunstverein-villingen-schwenningen.de\/wordpress\/index.php?rest_route=\/wp\/v2\/pages"}],"about":[{"href":"https:\/\/kunstverein-villingen-schwenningen.de\/wordpress\/index.php?rest_route=\/wp\/v2\/types\/page"}],"author":[{"embeddable":true,"href":"https:\/\/kunstverein-villingen-schwenningen.de\/wordpress\/index.php?rest_route=\/wp\/v2\/users\/1"}],"replies":[{"embeddable":true,"href":"https:\/\/kunstverein-villingen-schwenningen.de\/wordpress\/index.php?rest_route=%2Fwp%2Fv2%2Fcomments&post=257"}],"version-history":[{"count":1,"href":"https:\/\/kunstverein-villingen-schwenningen.de\/wordpress\/index.php?rest_route=\/wp\/v2\/pages\/257\/revisions"}],"predecessor-version":[{"id":258,"href":"https:\/\/kunstverein-villingen-schwenningen.de\/wordpress\/index.php?rest_route=\/wp\/v2\/pages\/257\/revisions\/258"}],"wp:attachment":[{"href":"https:\/\/kunstverein-villingen-schwenningen.de\/wordpress\/index.php?rest_route=%2Fwp%2Fv2%2Fmedia&parent=257"}],"curies":[{"name":"wp","href":"https:\/\/api.w.org\/{rel}","templated":true}]}}