{"id":260,"date":"2018-09-20T07:14:41","date_gmt":"2018-09-20T07:14:41","guid":{"rendered":"https:\/\/kunstverein-villingen-schwenningen.de\/wordpress\/?page_id=260"},"modified":"2020-09-03T09:19:53","modified_gmt":"2020-09-03T09:19:53","slug":"marja-scholten-reniers-heimwehtaschentuecher-2012","status":"publish","type":"page","link":"https:\/\/kunstverein-villingen-schwenningen.de\/wordpress\/?page_id=260","title":{"rendered":"Marja Scholten-Reniers Heimwehtaschent\u00fccher 2012"},"content":{"rendered":"<p>Der Kunstverein Villingen-Schwenningen e.V. und die St\u00e4dtischen Museen zeigen die Ausstellung &#8218;Heimwehtaschent\u00fccher&#8216; von Marja Scholten-Reniers. Die niederl\u00e4ndische Konzeptk\u00fcnstlerin verwendet Stofftaschent\u00fccher als Tr\u00e4ger emotionaler Botschaften. Von Personen unterschiedlicher Nationalit\u00e4t hat sie &#8218;Heimatsprichw\u00f6rter&#8216; erhalten, die sie von Hand auf die Taschent\u00fccher gestickt hat. Deutlich wird, dass jedes Land seine eigenen Sprichw\u00f6rter hat, die Gef\u00fchle von Heimat vermitteln: &#8218;Home sweet home&#8216; auf Englisch, oder auf Deutsch &#8218;Osten oder Westen, zu Hause ist es am besten&#8216;.<\/p>\n<p>Die Ausstellung findet im Rahmen der Reihe &#8218;Interventionen&#8216; statt, die zeitgem\u00e4\u00dfe und zeitgen\u00f6ssische Inhalte kulturellen Schaffens in die St\u00e4dtischen Museen Villingen-Schwenningen integrieren will.<\/p>\n<div>&nbsp;<\/div>\n<div><a href=\"http:\/\/www.marjascholtenreniers.info\">www.marjascholtenreniers.info<\/a><\/div>\n","protected":false},"excerpt":{"rendered":"<p>Der Kunstverein Villingen-Schwenningen e.V. und die St\u00e4dtischen Museen zeigen die Ausstellung &#8218;Heimwehtaschent\u00fccher&#8216; von Marja Scholten-Reniers. Die niederl\u00e4ndische Konzeptk\u00fcnstlerin verwendet Stofftaschent\u00fccher als Tr\u00e4ger emotionaler Botschaften. Von Personen unterschiedlicher Nationalit\u00e4t hat sie &#8218;Heimatsprichw\u00f6rter&#8216; erhalten, die sie von Hand auf die Taschent\u00fccher gestickt hat. Deutlich wird, dass jedes Land seine eigenen Sprichw\u00f6rter hat,&hellip;<\/p>\n<p class=\"read-more\"><a href=\"https:\/\/kunstverein-villingen-schwenningen.de\/wordpress\/?page_id=260\">Read More<\/a><\/p>\n","protected":false},"author":1,"featured_media":0,"parent":0,"menu_order":0,"comment_status":"closed","ping_status":"closed","template":"","meta":{"ngg_post_thumbnail":0,"footnotes":""},"class_list":["post-260","page","type-page","status-publish","hentry"],"_links":{"self":[{"href":"https:\/\/kunstverein-villingen-schwenningen.de\/wordpress\/index.php?rest_route=\/wp\/v2\/pages\/260","targetHints":{"allow":["GET"]}}],"collection":[{"href":"https:\/\/kunstverein-villingen-schwenningen.de\/wordpress\/index.php?rest_route=\/wp\/v2\/pages"}],"about":[{"href":"https:\/\/kunstverein-villingen-schwenningen.de\/wordpress\/index.php?rest_route=\/wp\/v2\/types\/page"}],"author":[{"embeddable":true,"href":"https:\/\/kunstverein-villingen-schwenningen.de\/wordpress\/index.php?rest_route=\/wp\/v2\/users\/1"}],"replies":[{"embeddable":true,"href":"https:\/\/kunstverein-villingen-schwenningen.de\/wordpress\/index.php?rest_route=%2Fwp%2Fv2%2Fcomments&post=260"}],"version-history":[{"count":2,"href":"https:\/\/kunstverein-villingen-schwenningen.de\/wordpress\/index.php?rest_route=\/wp\/v2\/pages\/260\/revisions"}],"predecessor-version":[{"id":776,"href":"https:\/\/kunstverein-villingen-schwenningen.de\/wordpress\/index.php?rest_route=\/wp\/v2\/pages\/260\/revisions\/776"}],"wp:attachment":[{"href":"https:\/\/kunstverein-villingen-schwenningen.de\/wordpress\/index.php?rest_route=%2Fwp%2Fv2%2Fmedia&parent=260"}],"curies":[{"name":"wp","href":"https:\/\/api.w.org\/{rel}","templated":true}]}}