{"id":36,"date":"2018-09-16T09:07:43","date_gmt":"2018-09-16T09:07:43","guid":{"rendered":"https:\/\/kunstverein-villingen-schwenningen.de\/wordpress\/?page_id=36"},"modified":"2018-09-26T10:28:47","modified_gmt":"2018-09-26T10:28:47","slug":"joerg-bach","status":"publish","type":"page","link":"https:\/\/kunstverein-villingen-schwenningen.de\/wordpress\/?page_id=36","title":{"rendered":"J\u00f6rg Bach"},"content":{"rendered":"<p><img decoding=\"async\" src=\"http:\/\/kunstverein-vs.de\/Kuenstler\/bach\/PICT0236.JPG\" alt=\"Bach\"><\/p>\n<table cellspacing=\"0\" cellpadding=\"0\" border=\"0\">\n<tbody>\n<tr>\n<td valign=\"undefined\" align=\"undefined\">\n<table cellspacing=\"0\" cellpadding=\"0\" border=\"0\">\n<tbody>\n<tr>\n<td valign=\"undefined\" align=\"undefined\">Galerie Christophstal, Freudenstadt<\/td>\n<\/tr>\n<tr>\n<td valign=\"undefined\" align=\"undefined\">1991<\/td>\n<td valign=\"undefined\" align=\"undefined\">&#8230;Halle 3, Sinsheim<\/td>\n<\/tr>\n<tr>\n<td>1994<\/td>\n<td>Kulturherbst in Hermeskeil, Trier<br \/>\nAlte Verena-Kirche, Volkertshausen<\/td>\n<\/tr>\n<tr>\n<td>1995<\/td>\n<td align=\"undefined\">Alte Schule, Sigmaringen<br \/>\nBr\u00f6tzinger Art, Pforzheim<\/td>\n<\/tr>\n<tr>\n<td>1996<\/td>\n<td valign=\"undefined\" align=\"undefined\">Burg Stolberg, Stolberg<br \/>\nKunstraum Neureut e.V., Karlsruhe<br \/>\nStresemann, Lahr<br \/>\nAlter Wiehre-Bahnhof, Freiburg i. Br.<br \/>\nPagodenburg, Raststatt Langer Hans, Kunstfreunde Wildenstein<\/td>\n<\/tr>\n<tr>\n<td>1997<\/td>\n<td>Galerie Br\u00fcckenturm, Mainz<\/td>\n<\/tr>\n<tr>\n<td>1998<\/td>\n<td valign=\"undefined\" align=\"undefined\">Schlosskeller, Waldshut-Tiengen<br \/>\nSt\u00e4dt.Galerie Tuttlingen<br \/>\nTorschlo\u00df Galerie, Tettnang<br \/>\nGalerie Gottschick, T\u00fcbingen<br \/>\nVilla Berberich, Bad S\u00e4ckingen<\/td>\n<\/tr>\n<tr>\n<td>1999<\/td>\n<td valign=\"undefined\" align=\"undefined\">Im Turm, Kunstverein Heidenheim<\/td>\n<\/tr>\n<tr>\n<td>2000<\/td>\n<td valign=\"undefined\" align=\"undefined\">Galerie Contakt, B\u00f6blingen<br \/>\nSt\u00e4dt. Galerie im Turm, Donaueschingen<br \/>\nPlastiken in der Stadt, Balingen<br \/>\nAkademie der Dioz\u00f6se Rottenburg-Stuttgart, Weingarten<br \/>\nDie F\u00e4hre, St\u00e4dt. Galerie, Bad Saulgau<\/td>\n<\/tr>\n<tr>\n<td valign=\"undefined\" align=\"undefined\">2001<\/td>\n<td valign=\"undefined\" align=\"undefined\">Geisselmann, Freiberg<br \/>\nGalerie Wohlh\u00fcter, Thalheim<\/td>\n<\/tr>\n<tr>\n<td>2002<\/td>\n<td valign=\"undefined\" align=\"undefined\">Orangerie Draenert, ImmenstaadG<br \/>\nalerie Felchlin, Z\u00fcrich, CH<\/td>\n<\/tr>\n<tr>\n<td>2003<\/td>\n<td valign=\"undefined\" align=\"undefined\">Organische Hohlr\u00e4ume, ART isotope, Dortmund<\/td>\n<\/tr>\n<tr>\n<td>2004<\/td>\n<td valign=\"undefined\" align=\"undefined\">Galerie Gottschick, T\u00fcbingen<br \/>\nGalerie Ulrike Hrobsky, Wien, A<br \/>\nGalerie Keller, Mannheim<\/td>\n<\/tr>\n<tr>\n<td>2005<\/td>\n<td valign=\"undefined\" align=\"undefined\">Galerie Gerken, Berlin<br \/>\nGalerie Wohlh\u00fcter, Thalheim<br \/>\nSt\u00e4dtische Galerie im Fruchtkasten, Ochsenhausen<\/td>\n<\/tr>\n<tr>\n<td valign=\"undefined\" align=\"undefined\">&nbsp;<\/td>\n<td valign=\"undefined\" align=\"undefined\">&nbsp;<\/td>\n<\/tr>\n<tr>\n<td valign=\"undefined\" align=\"undefined\">&nbsp;<\/td>\n<td>Ausstellungsbeteiligungen &nbsp;(Auswahl ab 1998)<\/td>\n<\/tr>\n<tr>\n<td>1998<\/td>\n<td>Gro\u00dfe Kunstausstellung im Haus der Kunst, M\u00fcnchen<br \/>\nBildhauer aus Baden-W\u00fcrttemberg, K\u00fcnstlerbund Baden-W\u00fcrttemberg, Mannheim<br \/>\nGalerie Moderne, Bad Zwischenahn<\/td>\n<\/tr>\n<tr>\n<td>1999<\/td>\n<td>Skulpturen in der Natur, Schopflocher Alb, Landkreis Esslingen<br \/>\nBex &amp; Art, Bex ( CH )<br \/>\nKunst im Stadtbild, Pforzheim<br \/>\nBr\u00f6tzinger Art, Pforzheim<br \/>\nVergangenheit ist heute, Kunstverein Villingen-Schwenningen<br \/>\n20. Hilzinger Kunstausstellung, Hilzingen<\/td>\n<\/tr>\n<tr>\n<td>2000<\/td>\n<td>ROT, Galerie Wohlh\u00fcter, Thalheim<br \/>\nGalerie Gottschick, T\u00fcbingen<br \/>\nGalerie Wohlh\u00fcter, Thalheim<br \/>\nKunstverein Villingen-Schwenningen<br \/>\nGalerie Dorn, Stuttgart<br \/>\nGalerie Donath, Troisdorf<br \/>\nMarchtaler Fenster, Neue Kunst 2000, K\u00fcnstlerbund Baden-W\u00fcrttemberg<\/td>\n<\/tr>\n<tr>\n<td>2001<\/td>\n<td>Sommerausstellung, Galerie Wohlh\u00fcter, Thalheim<br \/>\nStr\u00f6mung, Kunstverein Villingen-Schwenningen<br \/>\nJahresausstellung 2001, K\u00fcnstlerbund Baden-W\u00fcrttemberg, Karlsruhe<\/td>\n<\/tr>\n<tr>\n<td>2002<\/td>\n<td>Skulpturen in der Altstadt, Leutkirch im Allg\u00e4u<br \/>\nKunst ins Ort, Bildhauersymposium Deisslingen<br \/>\nKunst und Genuss, Nonnenhorn<br \/>\nAbstraktion\/Figuration, Galerie Gottschick, T\u00fcbingen<br \/>\nKunstd\u00fcnger, Skulpturenfeld Rottweil- Hausen<br \/>\nSkulpturenpark, Art Felchlin, Schwyz, CH<br \/>\nGro\u00dfe Kunstausstellung im Haus der Kunst, M\u00fcnchen<br \/>\n11 Positionen Eisenplastik, Reutlingen<\/td>\n<\/tr>\n<tr>\n<td>2003<\/td>\n<td>Gro\u00dfe Kunstausstellung im Haus der Kunst, M\u00fcnchen<br \/>\nRegionale f\u00fcr neue Kunst, Donaueschingen<br \/>\nDreidimensional, Galerienverband BW, Berlin<br \/>\nSkulptur und Plastik im Stadtraum, Sigmaringen<br \/>\nGalerie Dyma, Rottweil<br \/>\nOrangerie Draenert, Immenstaad<br \/>\nSommerausstellung 2003, Volkertshausen<br \/>\nENTDECKEN F\u00d6RDERN HANDELN, Galerienverband BW, Stuttgart<br \/>\nArt Bodensee, Dornbirn, A<\/td>\n<\/tr>\n<tr>\n<td>2004<\/td>\n<td>Gro\u00dfe Kunstausstellung im Haus der Kunst, M\u00fcnchen<br \/>\nart-Karlsruhe, Messe, Karlsruhe<br \/>\nKunst Wien, Messe, Wien<br \/>\nart.fair K\u00f6ln, Messe, K\u00f6ln<br \/>\nArt International 2004, Z\u00fcrich<br \/>\nKunstverein Trossingen<\/td>\n<\/tr>\n<tr>\n<td>2005<\/td>\n<td>Marie-Luise Wirth, B\u00fclach, CH<br \/>\nBeukenhof, Kluisbergen, B<br \/>\nKunstraum Stadt-Objekt und Farbe, Ettlingen<br \/>\nSkulptur aktuell, III Dimension, Haus der Kunst M\u00fcnchen<br \/>\n\u201eA-Z\u201c, St\u00e4dtische Galerie Karlsruhe<br \/>\nart-Karlsruhe, Messe, Karlsruhe<br \/>\nS.I.P.P.E., BBK S\u00fcdbaden, Freiburg<br \/>\nKunstd\u00fcnger, Rottweil-Hausen<\/td>\n<\/tr>\n<tr>\n<td valign=\"undefined\" align=\"undefined\">&nbsp;<\/td>\n<td valign=\"undefined\" align=\"undefined\">&nbsp;<\/td>\n<\/tr>\n<tr>\n<td valign=\"undefined\" align=\"undefined\">&nbsp;<\/td>\n<td valign=\"undefined\" align=\"undefined\">\u00d6ffentliche Ank\u00e4ufe \/ Auftr\u00e4ge<\/td>\n<\/tr>\n<tr>\n<td valign=\"undefined\" align=\"undefined\">1987\/92\/97<\/td>\n<td valign=\"undefined\" align=\"undefined\">Stadt Tuttlingen<\/td>\n<\/tr>\n<tr>\n<td valign=\"undefined\" align=\"undefined\">1989<\/td>\n<td valign=\"undefined\" align=\"undefined\">Arbeitsamt Tuttlingen<\/td>\n<\/tr>\n<tr>\n<td valign=\"undefined\" align=\"undefined\">1990<\/td>\n<td valign=\"undefined\" align=\"undefined\">Kunst am Bau, Deutsche Bank<\/td>\n<\/tr>\n<tr>\n<td valign=\"undefined\" align=\"undefined\">1992<\/td>\n<td valign=\"undefined\" align=\"undefined\">Kunst am Bau, mit Gerhard Opitz, Gesundheitsamt Rottweil<\/td>\n<\/tr>\n<tr>\n<td valign=\"undefined\" align=\"undefined\">1994<\/td>\n<td valign=\"undefined\" align=\"undefined\">Regierungspr\u00e4sidium T\u00fcbingen<\/td>\n<\/tr>\n<tr>\n<td valign=\"undefined\" align=\"undefined\">1996<\/td>\n<td valign=\"undefined\" align=\"undefined\">Kunst am Bau, Arbeitsamt Ravensburg<\/td>\n<\/tr>\n<tr>\n<td valign=\"undefined\" align=\"undefined\">1997<\/td>\n<td valign=\"undefined\" align=\"undefined\">Ministerium f\u00fcr Wissenschaft, Forschung und Kunst<\/td>\n<\/tr>\n<tr>\n<td valign=\"undefined\" align=\"undefined\">1998<\/td>\n<td valign=\"undefined\" align=\"undefined\">Wandgestaltung Sonderschulkindergarten, Tuttlingen<\/td>\n<\/tr>\n<tr>\n<td valign=\"undefined\" align=\"undefined\">1999<\/td>\n<td valign=\"undefined\" align=\"undefined\">Kunst am Bau, Bildungszentrum Wilhelmsdorf<\/td>\n<\/tr>\n<tr>\n<td valign=\"undefined\" align=\"undefined\">2001<\/td>\n<td valign=\"undefined\" align=\"undefined\">Stadt Donaueschingen<\/td>\n<\/tr>\n<tr>\n<td>2002<\/td>\n<td>Auftragsarbeit, Stadt Ki\u00dflegg<br \/>\nStadt Balingen<br \/>\nKunst am Bau, Gro\u00dfplastik, Landratsamt Tuttlingen<\/td>\n<\/tr>\n<tr>\n<td>2004<\/td>\n<td valign=\"undefined\" align=\"undefined\">Kunst am Bau, Freilandplastiken, Untereisesheim<\/td>\n<\/tr>\n<tr>\n<td valign=\"undefined\" align=\"undefined\">&nbsp;<\/td>\n<td valign=\"undefined\" align=\"undefined\">&nbsp;<\/td>\n<\/tr>\n<tr>\n<td valign=\"undefined\" align=\"undefined\">&nbsp;<\/td>\n<td valign=\"undefined\" align=\"undefined\">Biographie<\/td>\n<\/tr>\n<tr>\n<td valign=\"undefined\" align=\"undefined\">1964<\/td>\n<td valign=\"undefined\" align=\"undefined\">In Wolgast geboren<\/td>\n<\/tr>\n<tr>\n<td valign=\"undefined\" align=\"undefined\">1983 -1986<\/td>\n<td valign=\"undefined\" align=\"undefined\">Praktikum bei Bildhauer Roland Martin<\/td>\n<\/tr>\n<tr>\n<td>1986 -1991<\/td>\n<td>Studium der freien Bildhauerei an der Akademie der Bildenden K\u00fcnste<br \/>\nKarlsruhe bei Prof. Walter M. F\u00f6rderer und Prof. Hiromi Akiyama<\/td>\n<\/tr>\n<tr>\n<td>1988-2001<\/td>\n<td valign=\"undefined\" align=\"undefined\">K\u00fcnstlerische Lehrt\u00e4tigkeit an der St\u00e4dt. Jugendkunstschule Tuttlingen<br \/>\nMitglied im K\u00fcnstlerbund Baden-W\u00fcrttemberg<br \/>\nLebt und arbeitet in M\u00fchlheim\/Donau.<\/td>\n<\/tr>\n<tr>\n<td valign=\"undefined\" align=\"undefined\">&nbsp;<\/td>\n<td valign=\"undefined\" align=\"undefined\">&nbsp;<\/td>\n<\/tr>\n<tr>\n<td valign=\"undefined\" align=\"undefined\">&nbsp;<\/td>\n<td valign=\"undefined\" align=\"undefined\">Adresse<\/td>\n<\/tr>\n<tr>\n<td valign=\"undefined\" align=\"undefined\">&nbsp;<\/td>\n<td valign=\"undefined\" align=\"undefined\">Bahnhofstr. 43<br \/>\n78570 M\u00fchlheim<br \/>\nTel. 07463\/57162<\/td>\n<\/tr>\n<tr>\n<td valign=\"undefined\" align=\"undefined\">&nbsp;<\/td>\n<td valign=\"undefined\" align=\"undefined\"><small><a href=\"http:\/\/kunstverein-vs.de\/kuens.htm\">zur\u00fcck zum KVS<\/a><\/small><\/td>\n<\/tr>\n<\/tbody>\n<\/table>\n<\/td>\n<td>&nbsp;<\/p>\n<p><img decoding=\"async\" src=\"http:\/\/kunstverein-vs.de\/Kuenstler\/bach\/PICT0233.JPG\" alt=\"\"><\/p>\n<p><img decoding=\"async\" src=\"http:\/\/kunstverein-vs.de\/Kuenstler\/bach\/Bach.jpg\" alt=\"\"><\/p>\n<p><img decoding=\"async\" src=\"http:\/\/kunstverein-vs.de\/Kuenstler\/bach\/drumrumIV.JPG\" alt=\"\"><\/td>\n<\/tr>\n<\/tbody>\n<\/table>\n","protected":false},"excerpt":{"rendered":"<p>Galerie Christophstal, Freudenstadt 1991 &#8230;Halle 3, Sinsheim 1994 Kulturherbst in Hermeskeil, Trier Alte Verena-Kirche, Volkertshausen 1995 Alte Schule, Sigmaringen Br\u00f6tzinger Art, Pforzheim 1996 Burg Stolberg, Stolberg Kunstraum Neureut e.V., Karlsruhe Stresemann, Lahr Alter Wiehre-Bahnhof, Freiburg i. Br. Pagodenburg, Raststatt Langer Hans, Kunstfreunde Wildenstein 1997 Galerie Br\u00fcckenturm, Mainz 1998 Schlosskeller, Waldshut-Tiengen&hellip;<\/p>\n<p class=\"read-more\"><a href=\"https:\/\/kunstverein-villingen-schwenningen.de\/wordpress\/?page_id=36\">Read More<\/a><\/p>\n","protected":false},"author":1,"featured_media":0,"parent":9,"menu_order":0,"comment_status":"closed","ping_status":"closed","template":"","meta":{"ngg_post_thumbnail":0,"footnotes":""},"class_list":["post-36","page","type-page","status-publish","hentry"],"_links":{"self":[{"href":"https:\/\/kunstverein-villingen-schwenningen.de\/wordpress\/index.php?rest_route=\/wp\/v2\/pages\/36","targetHints":{"allow":["GET"]}}],"collection":[{"href":"https:\/\/kunstverein-villingen-schwenningen.de\/wordpress\/index.php?rest_route=\/wp\/v2\/pages"}],"about":[{"href":"https:\/\/kunstverein-villingen-schwenningen.de\/wordpress\/index.php?rest_route=\/wp\/v2\/types\/page"}],"author":[{"embeddable":true,"href":"https:\/\/kunstverein-villingen-schwenningen.de\/wordpress\/index.php?rest_route=\/wp\/v2\/users\/1"}],"replies":[{"embeddable":true,"href":"https:\/\/kunstverein-villingen-schwenningen.de\/wordpress\/index.php?rest_route=%2Fwp%2Fv2%2Fcomments&post=36"}],"version-history":[{"count":3,"href":"https:\/\/kunstverein-villingen-schwenningen.de\/wordpress\/index.php?rest_route=\/wp\/v2\/pages\/36\/revisions"}],"predecessor-version":[{"id":551,"href":"https:\/\/kunstverein-villingen-schwenningen.de\/wordpress\/index.php?rest_route=\/wp\/v2\/pages\/36\/revisions\/551"}],"up":[{"embeddable":true,"href":"https:\/\/kunstverein-villingen-schwenningen.de\/wordpress\/index.php?rest_route=\/wp\/v2\/pages\/9"}],"wp:attachment":[{"href":"https:\/\/kunstverein-villingen-schwenningen.de\/wordpress\/index.php?rest_route=%2Fwp%2Fv2%2Fmedia&parent=36"}],"curies":[{"name":"wp","href":"https:\/\/api.w.org\/{rel}","templated":true}]}}