{"id":416,"date":"2018-09-21T15:32:50","date_gmt":"2018-09-21T15:32:50","guid":{"rendered":"https:\/\/kunstverein-villingen-schwenningen.de\/wordpress\/?page_id=416"},"modified":"2018-09-28T08:01:56","modified_gmt":"2018-09-28T08:01:56","slug":"helfried-guenther-glitsch","status":"publish","type":"page","link":"https:\/\/kunstverein-villingen-schwenningen.de\/wordpress\/?page_id=416","title":{"rendered":"Helfried G\u00fcnther Glitsch"},"content":{"rendered":"ngg_shortcode_0_placeholder\n<p>&nbsp;<\/p>\n<p><strong>Vita<\/strong><br \/>\ngeb. in Berlin<br \/>\n1957 Abitur in K\u00f6nigsfeld\/Schwarzwald (Ortssch\u00fcler seit 1950)<br \/>\n1957 &#8211; 1963 Medizinstudium in Heidelberg, Promotion zum Dr. med.<br \/>\n1973 &#8211; 2000 Professor f\u00fcr Physiologie an der Ruhr- Universit\u00e4t Bochum<br \/>\n1978 &#8211; 2000 Arbeit am Musischen Zentrum der Ruhr- Universit\u00e4t bei Barbara Grosse (Graphik),<br \/>\nHeinrich Koch (Zeichnung) und Hans- J\u00fcrgen Schlieker (Malerei)<br \/>\n1996 &#8211; 2000 Direktor des Musischen Zentrums<\/p>\n<p><strong>Einzelausstellungen<\/strong><br \/>\n1985<br \/>\nUniversit\u00e4tbibliothek der Ruhr- Universit\u00e4t<br \/>\n1987<br \/>\nMusisches Zentrum der Ruhr- Universi\u00e4t<br \/>\n1990<br \/>\nVolksbank Bochum<br \/>\n1993, 1995<br \/>\nGalerie Forum Villingen- Schwenningen<br \/>\n1996<br \/>\nInternationales Begegnungszentrum Beckmannshof der Ruhr-Universit\u00e4t<br \/>\n(mit den Photographinnen Katrin Klaetke und Babette Sponheuer)<br \/>\n2000<br \/>\nMusisches Zentrum der Ruhr- Universit\u00e4t Bochum<br \/>\n2002<br \/>\nGalerie Am H\u00f6rnle, K\u00f6nigsfeld<br \/>\nGalerie Kunstantin Herne<br \/>\n2006<br \/>\nGalerie art &amp; office. F\u00fcssen<br \/>\n2007<br \/>\nGalerie Am H\u00f6rnle K\u00f6nigsfeld<\/p>\n<p><strong>Gruppenausstellungen<\/strong><br \/>\n1964<br \/>\nArs viva. Heidelberg, Haus Buhl<br \/>\n1978 &#8211; 1999<br \/>\nAusstellungen des Musischen Zentrums der Ruhr-Universit\u00e4t<br \/>\n1991<br \/>\nExponata. Kunst aus Westfalen in M\u00fcnster<br \/>\n1998<br \/>\nGalerie Am H\u00f6rnle K\u00f6nigsfeld (mit Lore Will und Gotthard Glitsch)<br \/>\n2000, 2002 und seit 2006<br \/>\nJahresausstellung Kunstverein Villingen-Schwenningen<br \/>\n2001, 2005, 2009<br \/>\n&#8222;Schwarzwaldbild 2\/3\/4&#8220; Haslach<br \/>\n2001<br \/>\n&#8222;Weder Peripherie noch Gem\u00fcse: Der Randen&#8220;, Museum Schloss Bonndorf<br \/>\n2002<br \/>\nKulturLandschaftIndustrie. Wilhelm-Morgner-Haus der Stadt Soest<br \/>\n2002, 2004, 2007, 2009<br \/>\nK\u00fcnstlerinnen und K\u00fcnstler des Schwarzwald-Baar-Kreises Landratsamt Villingen-Schwenningen<br \/>\n2003<br \/>\nDonaueschinger Regionale f\u00fcr Neue Kunst K\u00fcnstler pr\u00e4sentieren R\u00fcbengeister. Rottweil (G\u00f6llsdorf)<br \/>\n2004<br \/>\nGalerie Linde, Villingen-Schwenningen (Obereschach)<br \/>\n2006<br \/>\nGalerie Kunstantin Herne, Galerie Kulturzeit (Albert Schweitzer-Klinik) K\u00f6nigsfeld (mit F. Schwellnus und Andreas Wiertz)<br \/>\n2006, 2007, 2009<br \/>\nWeihnachtsausstellung der St\u00e4dtischen Galerie Tuttlingen<br \/>\n2007<br \/>\nLandschaft im 21. Jahrhundert. Galerie Kimmich, Lauterbach<\/p>\n","protected":false},"excerpt":{"rendered":"<p>&#8220; order_by=&#8220;sortorder&#8220; order_direction=&#8220;ASC&#8220; returns=&#8220;included&#8220; maximum_entity_count=&#8220;500&#8243;] &nbsp; Vita geb. in Berlin 1957 Abitur in K\u00f6nigsfeld\/Schwarzwald (Ortssch\u00fcler seit 1950) 1957 &#8211; 1963 Medizinstudium in Heidelberg, Promotion zum Dr. med. 1973 &#8211; 2000 Professor f\u00fcr Physiologie an der Ruhr- Universit\u00e4t Bochum 1978 &#8211; 2000 Arbeit am Musischen Zentrum der Ruhr- Universit\u00e4t bei Barbara&hellip;<\/p>\n<p class=\"read-more\"><a href=\"https:\/\/kunstverein-villingen-schwenningen.de\/wordpress\/?page_id=416\">Read More<\/a><\/p>\n","protected":false},"author":1,"featured_media":0,"parent":0,"menu_order":0,"comment_status":"closed","ping_status":"closed","template":"","meta":{"ngg_post_thumbnail":0,"footnotes":""},"class_list":["post-416","page","type-page","status-publish","hentry"],"_links":{"self":[{"href":"https:\/\/kunstverein-villingen-schwenningen.de\/wordpress\/index.php?rest_route=\/wp\/v2\/pages\/416","targetHints":{"allow":["GET"]}}],"collection":[{"href":"https:\/\/kunstverein-villingen-schwenningen.de\/wordpress\/index.php?rest_route=\/wp\/v2\/pages"}],"about":[{"href":"https:\/\/kunstverein-villingen-schwenningen.de\/wordpress\/index.php?rest_route=\/wp\/v2\/types\/page"}],"author":[{"embeddable":true,"href":"https:\/\/kunstverein-villingen-schwenningen.de\/wordpress\/index.php?rest_route=\/wp\/v2\/users\/1"}],"replies":[{"embeddable":true,"href":"https:\/\/kunstverein-villingen-schwenningen.de\/wordpress\/index.php?rest_route=%2Fwp%2Fv2%2Fcomments&post=416"}],"version-history":[{"count":6,"href":"https:\/\/kunstverein-villingen-schwenningen.de\/wordpress\/index.php?rest_route=\/wp\/v2\/pages\/416\/revisions"}],"predecessor-version":[{"id":559,"href":"https:\/\/kunstverein-villingen-schwenningen.de\/wordpress\/index.php?rest_route=\/wp\/v2\/pages\/416\/revisions\/559"}],"wp:attachment":[{"href":"https:\/\/kunstverein-villingen-schwenningen.de\/wordpress\/index.php?rest_route=%2Fwp%2Fv2%2Fmedia&parent=416"}],"curies":[{"name":"wp","href":"https:\/\/api.w.org\/{rel}","templated":true}]}}