{"id":7,"date":"2018-09-15T15:13:42","date_gmt":"2018-09-15T15:13:42","guid":{"rendered":"https:\/\/kunstverein-villingen-schwenningen.de\/wordpress\/?page_id=7"},"modified":"2022-12-19T13:15:59","modified_gmt":"2022-12-19T13:15:59","slug":"start","status":"publish","type":"page","link":"https:\/\/kunstverein-villingen-schwenningen.de\/wordpress\/?page_id=7","title":{"rendered":"\u00dcber uns"},"content":{"rendered":"<p>Wie es begann&#8230;<\/p>\n<p>Im Jahr 1953 tat sich in Villingen eine Gruppe zusammen, die sich k\u00fcnstlerisch motivierter Gestaltung, und sei es auch nur als gehobene Freizeitbesch\u00e4ftigung, verschrieb. Sie gab sich den Namen \u00bbVillinger Kunstverein\u00ab. Aus bescheidenen Anf\u00e4ngen heraus entwickelte sich im Lauf der Jahre eine Institution, die durch ihre Ausstellungst\u00e4tigkeit zumindest auf lokaler Ebene, also beim Villinger Publikum, eine zunehmende Resonanz fand.<\/p>\n<p>&#8230;und was daraus wurde<\/p>\n<p>Handelte es sich anf\u00e4nglich eher um eine \u00bbMalgruppe\u00ab, bei der die elementare Freude an der sch\u00f6pferischen T\u00e4tigkeit im Vordergrund stand, so kamen im Lauf der Zeit K\u00fcnstlerinnen und K\u00fcnstler hinzu, deren Mitwirkung die inhaltliche Arbeit des Vereins allm\u00e4hlich ver\u00e4nderte. 1986 machte der Verein einen neuen Anfang. Dass er seinen Namen in \u00bbKunstverein Villingen-Schwenningen\u00ab \u00e4nderte, sich als nunmehr eingetragener Verein eine Satzung gab, die auch die Grundlage f\u00fcr die Anerkennung der Gemeinn\u00fctzigkeit bildete, war freilich nur formeller Ausdruck einer grundlegenden inhaltlichen Ver\u00e4nderung. In Wirklichkeit fand ein k\u00fcnstlerischer Wandel statt, der \u00fcber einen blo\u00dfen Generationswechsel weit hinausging.<\/p>\n<p>Das Publikum als Spiegel<\/p>\n<p>Da zwischen K\u00fcnstlerinnen und K\u00fcnstlern einerseits und ihrem Publikum andererseits eine Art spiegelbildlichen Verh\u00e4ltnisses besteht, \u00e4nderte sich freilich nach und nach auch die Zusammensetzung des Publikums &#8211; ein Vorgang, der bis heute noch nicht endg\u00fcltig abgeschlossen ist, vielleicht auch gar nicht zu einem Abschluss gebracht werden kann oder muss.<\/p>\n<p>Kontinuit\u00e4t und Dynamik<\/p>\n<p>Das Ansehen des Vereins reicht inzwischen weit \u00fcber die Grenzen der Stadt und der Region hinaus. Die Liste der G\u00e4ste aus den vergangenen Jahren enth\u00e4lt Namen f\u00fchrender K\u00fcnstlerinnen und K\u00fcnstler aus dem S\u00fcdwesten und dem benachbarten Ausland.<\/p>\n<p>Zahlreiche private und \u00f6ffentliche Ank\u00e4ufe unterstreichen die Bedeutung, die dem Kunstverein Villingen-Schwenningen inzwischen beigemessen wird.<\/p>\n<p>Viele aktive Vereinsmitglieder sind mit Einzelausstellungen im In- und Ausland vertreten oder an Gruppenausstellungen beteiligt. \u00dcber ihre eigene Arbeit hinaus sind sie h\u00e4ufig ehrenamtlich t\u00e4tig, entwickeln eigenst\u00e4ndige Projekte entlang dem weiten Feld der Kunstp\u00e4dagogik, n\u00e4hern sich anderen Kunstgattungen an, sind offen f\u00fcr Experimente.<\/p>\n<p>1. Vorsitzender: Dr. Helmut Kury<br \/>\n2. Vorsitzender: Axel Heil<br \/>\nKassiererin: Lioba Kirchner<br \/>\nSchriftf\u00fchrer und Gesch\u00e4ftsf\u00fchrer: Bernhard Fabry<\/p>\n<p>Gesch\u00e4ftsstelle:<br \/>\nSt. Georgener Str. 39<br \/>\n78048 Villingen-Schwenningen<br \/>\nTel. 07721 51457<br \/>\nFax 07721 503151<\/p>\n<p>Sekretariat:<br \/>\nBritta Schanz<br \/>\nVom-Stein-Str. 17<br \/>\n78050 Villingen-Schwenningen<\/p>\n<p>&nbsp;<\/p>\n","protected":false},"excerpt":{"rendered":"<p>Wie es begann&#8230; Im Jahr 1953 tat sich in Villingen eine Gruppe zusammen, die sich k\u00fcnstlerisch motivierter Gestaltung, und sei es auch nur als gehobene Freizeitbesch\u00e4ftigung, verschrieb. Sie gab sich den Namen \u00bbVillinger Kunstverein\u00ab. Aus bescheidenen Anf\u00e4ngen heraus entwickelte sich im Lauf der Jahre eine Institution, die durch ihre Ausstellungst\u00e4tigkeit&hellip;<\/p>\n<p class=\"read-more\"><a href=\"https:\/\/kunstverein-villingen-schwenningen.de\/wordpress\/?page_id=7\">Read More<\/a><\/p>\n","protected":false},"author":1,"featured_media":0,"parent":0,"menu_order":0,"comment_status":"closed","ping_status":"closed","template":"page-templates\/left-sidebar.php","meta":{"ngg_post_thumbnail":0,"footnotes":""},"class_list":["post-7","page","type-page","status-publish","hentry"],"_links":{"self":[{"href":"https:\/\/kunstverein-villingen-schwenningen.de\/wordpress\/index.php?rest_route=\/wp\/v2\/pages\/7","targetHints":{"allow":["GET"]}}],"collection":[{"href":"https:\/\/kunstverein-villingen-schwenningen.de\/wordpress\/index.php?rest_route=\/wp\/v2\/pages"}],"about":[{"href":"https:\/\/kunstverein-villingen-schwenningen.de\/wordpress\/index.php?rest_route=\/wp\/v2\/types\/page"}],"author":[{"embeddable":true,"href":"https:\/\/kunstverein-villingen-schwenningen.de\/wordpress\/index.php?rest_route=\/wp\/v2\/users\/1"}],"replies":[{"embeddable":true,"href":"https:\/\/kunstverein-villingen-schwenningen.de\/wordpress\/index.php?rest_route=%2Fwp%2Fv2%2Fcomments&post=7"}],"version-history":[{"count":8,"href":"https:\/\/kunstverein-villingen-schwenningen.de\/wordpress\/index.php?rest_route=\/wp\/v2\/pages\/7\/revisions"}],"predecessor-version":[{"id":997,"href":"https:\/\/kunstverein-villingen-schwenningen.de\/wordpress\/index.php?rest_route=\/wp\/v2\/pages\/7\/revisions\/997"}],"wp:attachment":[{"href":"https:\/\/kunstverein-villingen-schwenningen.de\/wordpress\/index.php?rest_route=%2Fwp%2Fv2%2Fmedia&parent=7"}],"curies":[{"name":"wp","href":"https:\/\/api.w.org\/{rel}","templated":true}]}}