{"id":890,"date":"2022-03-13T16:30:59","date_gmt":"2022-03-13T16:30:59","guid":{"rendered":"https:\/\/kunstverein-villingen-schwenningen.de\/wordpress\/?page_id=890"},"modified":"2022-04-13T15:44:42","modified_gmt":"2022-04-13T15:44:42","slug":"aktuell-3","status":"publish","type":"page","link":"https:\/\/kunstverein-villingen-schwenningen.de\/wordpress\/?page_id=890","title":{"rendered":"Axel Heil &#8211; St. Bruder Klaus"},"content":{"rendered":"\n<figure class=\"wp-block-image size-full\"><img loading=\"lazy\" decoding=\"async\" width=\"157\" height=\"241\" src=\"https:\/\/kunstverein-villingen-schwenningen.de\/wordpress\/wp-content\/uploads\/2022\/03\/Einladung-Axel-01.jpg\" alt=\"\" class=\"wp-image-898\"\/><\/figure>\n\n\n\n<p>SCHNITTSTELLEN \u2013 INTERFACES<br>Kunstinstallation von Axel Heil<br>St. Bruder Klaus Kirche Villingen<\/p>\n\n\n\n<p>Aschermittwoch, 2. M\u00e4rz 2022 bis Karsamstag, 16. April 2022<\/p>\n\n\n\n<p>SCHNITTSTELLEN \u2013 INTERFACES zeigen Verbindungen unterschiedlicher Art aus Religion, Kunstgeschichte, Medizin, Film- und Fotografiegeschichte sowie dem digitalen Bereich und den Medien. Gesicht und Teile des Gesichts werden \u201egerahmt\u201c durch die technisch notwendige Transportperforation fr\u00fcherer Filme. Das Einzelbild wird zum Abschnitt des Filmstreifens. Individuum und Anonymit\u00e4t, Ikone, Icon, Emoji, Antlitz und Selfie, Bild, Abbild, Selbstbildnis, Lichtbild, Rasterschablone finden sich.<\/p>\n\n\n\n<figure class=\"wp-block-image size-full\"><img loading=\"lazy\" decoding=\"async\" width=\"507\" height=\"98\" src=\"https:\/\/kunstverein-villingen-schwenningen.de\/wordpress\/wp-content\/uploads\/2022\/03\/Einladung-Axel-02.jpg\" alt=\"\" class=\"wp-image-899\" srcset=\"https:\/\/kunstverein-villingen-schwenningen.de\/wordpress\/wp-content\/uploads\/2022\/03\/Einladung-Axel-02.jpg 507w, https:\/\/kunstverein-villingen-schwenningen.de\/wordpress\/wp-content\/uploads\/2022\/03\/Einladung-Axel-02-300x58.jpg 300w\" sizes=\"auto, (max-width: 507px) 100vw, 507px\" \/><\/figure>\n\n\n\n<p><\/p>\n\n\n\n<p><strong>Trauermetten in der Karwoche<\/strong><\/p>\n\n\n\n<p>Mittwoch, 13.04.2022, 18 Uhr<br>Karfreitag, 15.04.2022, 8 Uhr<br>Karsamstag, 16.04.2022, 8 Uhr<\/p>\n\n\n\n<p>Markus Kreutz, Liturgische Gestaltung<br>Matthias Eschbach, Musikalische Gestaltung<br>Axel E. Heil, Gedanken zur Installation<\/p>\n\n\n\n<p>Die Kirche ist tags\u00fcber ge\u00f6ffnet. F\u00fcr eine F\u00fchrung melden Sie sich bitte bei Axel E. Heil <a href=\"&#x6d;&#97;i&#x6c;&#x74;&#111;:&#x61;&#120;e&#x6c;&#x2e;&#69;&#46;&#x68;&#101;i&#x6c;&#x40;&#116;-&#x6f;&#x6e;&#108;&#x69;&#x6e;&#101;&#46;&#x64;&#x65;\">&#x61;&#x78;&#x65;&#x6c;&#x2e;&#x45;&#x2e;&#x68;&#x65;&#x69;&#x6c;&#x40;&#x74;&#x2d;&#111;&#110;&#108;&#105;&#110;&#101;&#46;&#100;&#101;<\/a> oder Markus Kreutz <a href=\"ma&#105;&#108;&#116;&#x6f;&#x3a;&#x6d;&#x61;rk&#117;&#115;&#107;&#x72;&#x65;&#x75;&#x74;z&#64;&#103;&#109;&#120;&#x2e;&#x64;&#x65;\">mark&#117;&#115;&#107;&#114;&#101;&#117;&#116;&#x7a;&#x40;&#x67;&#x6d;&#x78;&#x2e;&#x64;&#x65;<\/a><\/p>\n\n\n\n<p>St. Bruder Klaus<br>Offenburger Str. 29c<br>78048 Villingen-Schwenningen<\/p>\n","protected":false},"excerpt":{"rendered":"<p>SCHNITTSTELLEN \u2013 INTERFACESKunstinstallation von Axel HeilSt. Bruder Klaus Kirche Villingen Aschermittwoch, 2. M\u00e4rz 2022 bis Karsamstag, 16. April 2022 SCHNITTSTELLEN \u2013 INTERFACES zeigen Verbindungen unterschiedlicher Art aus Religion, Kunstgeschichte, Medizin, Film- und Fotografiegeschichte sowie dem digitalen Bereich und den Medien. Gesicht und Teile des Gesichts werden \u201egerahmt\u201c durch die technisch&hellip;<\/p>\n<p class=\"read-more\"><a href=\"https:\/\/kunstverein-villingen-schwenningen.de\/wordpress\/?page_id=890\">Read More<\/a><\/p>\n","protected":false},"author":1,"featured_media":0,"parent":0,"menu_order":0,"comment_status":"closed","ping_status":"closed","template":"page-templates\/left-sidebar.php","meta":{"ngg_post_thumbnail":0,"footnotes":""},"class_list":["post-890","page","type-page","status-publish","hentry"],"_links":{"self":[{"href":"https:\/\/kunstverein-villingen-schwenningen.de\/wordpress\/index.php?rest_route=\/wp\/v2\/pages\/890","targetHints":{"allow":["GET"]}}],"collection":[{"href":"https:\/\/kunstverein-villingen-schwenningen.de\/wordpress\/index.php?rest_route=\/wp\/v2\/pages"}],"about":[{"href":"https:\/\/kunstverein-villingen-schwenningen.de\/wordpress\/index.php?rest_route=\/wp\/v2\/types\/page"}],"author":[{"embeddable":true,"href":"https:\/\/kunstverein-villingen-schwenningen.de\/wordpress\/index.php?rest_route=\/wp\/v2\/users\/1"}],"replies":[{"embeddable":true,"href":"https:\/\/kunstverein-villingen-schwenningen.de\/wordpress\/index.php?rest_route=%2Fwp%2Fv2%2Fcomments&post=890"}],"version-history":[{"count":11,"href":"https:\/\/kunstverein-villingen-schwenningen.de\/wordpress\/index.php?rest_route=\/wp\/v2\/pages\/890\/revisions"}],"predecessor-version":[{"id":918,"href":"https:\/\/kunstverein-villingen-schwenningen.de\/wordpress\/index.php?rest_route=\/wp\/v2\/pages\/890\/revisions\/918"}],"wp:attachment":[{"href":"https:\/\/kunstverein-villingen-schwenningen.de\/wordpress\/index.php?rest_route=%2Fwp%2Fv2%2Fmedia&parent=890"}],"curies":[{"name":"wp","href":"https:\/\/api.w.org\/{rel}","templated":true}]}}